{"id":1637,"date":"2020-05-13T08:57:20","date_gmt":"2020-05-13T12:57:20","guid":{"rendered":"https:\/\/landrichomes.com\/?page_id=1637"},"modified":"2022-05-30T09:52:11","modified_gmt":"2022-05-30T13:52:11","slug":"communautes-locatives","status":"publish","type":"page","link":"https:\/\/landrichomes.com\/fr\/communautes-locatives\/","title":{"rendered":"Communaut\u00e9s locatives"},"content":{"rendered":"\t\t<div data-elementor-type=\"wp-page\" data-elementor-id=\"1637\" class=\"elementor elementor-1637\" data-elementor-post-type=\"page\">\n\t\t\t\t\t\t<section class=\"elementor-section elementor-top-section elementor-element elementor-element-df2c518 elementor-section-boxed elementor-section-height-default elementor-section-height-default\" data-id=\"df2c518\" data-element_type=\"section\" data-e-type=\"section\">\n\t\t\t\t\t\t<div class=\"elementor-container elementor-column-gap-default\">\n\t\t\t\t\t<div class=\"elementor-column elementor-col-100 elementor-top-column elementor-element elementor-element-1b0a712\" data-id=\"1b0a712\" data-element_type=\"column\" data-e-type=\"column\">\n\t\t\t<div class=\"elementor-widget-wrap elementor-element-populated\">\n\t\t\t\t\t\t<div class=\"elementor-element elementor-element-31b997e elementor-widget elementor-widget-heading\" data-id=\"31b997e\" data-element_type=\"widget\" data-e-type=\"widget\" data-widget_type=\"heading.default\">\n\t\t\t\t<div class=\"elementor-widget-container\">\n\t\t\t\t\t<h1 class=\"elementor-heading-title elementor-size-default\">Communaut\u00e9s locatives<\/h1>\t\t\t\t<\/div>\n\t\t\t\t<\/div>\n\t\t\t\t\t<\/div>\n\t\t<\/div>\n\t\t\t\t\t<\/div>\n\t\t<\/section>\n\t\t\t\t<section class=\"elementor-section elementor-top-section elementor-element elementor-element-47c417e elementor-section-boxed elementor-section-height-default elementor-section-height-default\" data-id=\"47c417e\" data-element_type=\"section\" data-e-type=\"section\">\n\t\t\t\t\t\t<div class=\"elementor-container elementor-column-gap-default\">\n\t\t\t\t\t<div class=\"elementor-column elementor-col-100 elementor-top-column elementor-element elementor-element-2a687be\" data-id=\"2a687be\" data-element_type=\"column\" data-e-type=\"column\">\n\t\t\t<div class=\"elementor-widget-wrap elementor-element-populated\">\n\t\t\t\t\t\t<div class=\"elementor-element elementor-element-b13052b elementor-widget elementor-widget-heading\" data-id=\"b13052b\" data-element_type=\"widget\" data-e-type=\"widget\" data-widget_type=\"heading.default\">\n\t\t\t\t<div class=\"elementor-widget-container\">\n\t\t\t\t\t<h2 class=\"elementor-heading-title elementor-size-default\">Vous pensez \u00e0 louer un appartement neuf ?<\/h2>\t\t\t\t<\/div>\n\t\t\t\t<\/div>\n\t\t\t\t<div class=\"elementor-element elementor-element-e1eb179 elementor-widget elementor-widget-text-editor\" data-id=\"e1eb179\" data-element_type=\"widget\" data-e-type=\"widget\" data-widget_type=\"text-editor.default\">\n\t\t\t\t<div class=\"elementor-widget-container\">\n\t\t\t\t\t\t\t\t\t<p>Inscrivez-vous d\u00e8s maintenant et soyez les premiers \u00e0 obtenir tous les d\u00e9tails de nos communaut\u00e9s locatives \u00e0 venir.<\/p>\t\t\t\t\t\t\t\t<\/div>\n\t\t\t\t<\/div>\n\t\t\t\t\t<\/div>\n\t\t<\/div>\n\t\t\t\t\t<\/div>\n\t\t<\/section>\n\t\t\t\t<section class=\"elementor-section elementor-top-section elementor-element elementor-element-8dd7cc0 elementor-section-boxed elementor-section-height-default elementor-section-height-default\" data-id=\"8dd7cc0\" data-element_type=\"section\" data-e-type=\"section\">\n\t\t\t\t\t\t<div class=\"elementor-container elementor-column-gap-default\">\n\t\t\t\t\t<div class=\"elementor-column elementor-col-100 elementor-top-column elementor-element elementor-element-f80e1eb\" data-id=\"f80e1eb\" data-element_type=\"column\" data-e-type=\"column\">\n\t\t\t<div class=\"elementor-widget-wrap\">\n\t\t\t\t\t\t\t<\/div>\n\t\t<\/div>\n\t\t\t\t\t<\/div>\n\t\t<\/section>\n\t\t\t\t<\/div>\n\t\t","protected":false},"excerpt":{"rendered":"<p>Communaut\u00e9s locatives Vous pensez \u00e0 louer un appartement neuf ? Inscrivez-vous d\u00e8s maintenant et soyez les premiers \u00e0 obtenir tous les d\u00e9tails de nos communaut\u00e9s locatives \u00e0 venir. Secteur recherch\u00e9Clarence-RocklandOrleans Type d\u2019appartementStudio1 chambre1 chambre + bureau2 chambres2 chambre + bureau3 chambres Budget750 $ &#8211; 1 000 $1 000 $ &#8211; 1 250 $1 250 $ [&hellip;]<\/p>\n","protected":false},"author":3,"featured_media":0,"parent":0,"menu_order":0,"comment_status":"closed","ping_status":"closed","template":"","meta":{"_acf_changed":false,"site-sidebar-layout":"default","site-content-layout":"","ast-site-content-layout":"default","site-content-style":"default","site-sidebar-style":"default","ast-global-header-display":"","ast-banner-title-visibility":"","ast-main-header-display":"","ast-hfb-above-header-display":"","ast-hfb-below-header-display":"","ast-hfb-mobile-header-display":"","site-post-title":"","ast-breadcrumbs-content":"","ast-featured-img":"","footer-sml-layout":"","ast-disable-related-posts":"","theme-transparent-header-meta":"","adv-header-id-meta":"","stick-header-meta":"","header-above-stick-meta":"","header-main-stick-meta":"","header-below-stick-meta":"","astra-migrate-meta-layouts":"default","ast-page-background-enabled":"default","ast-page-background-meta":{"desktop":{"background-color":"var(--ast-global-color-4)","background-image":"","background-repeat":"repeat","background-position":"center center","background-size":"auto","background-attachment":"scroll","background-type":"","background-media":"","overlay-type":"","overlay-color":"","overlay-opacity":"","overlay-gradient":""},"tablet":{"background-color":"","background-image":"","background-repeat":"repeat","background-position":"center center","background-size":"auto","background-attachment":"scroll","background-type":"","background-media":"","overlay-type":"","overlay-color":"","overlay-opacity":"","overlay-gradient":""},"mobile":{"background-color":"","background-image":"","background-repeat":"repeat","background-position":"center center","background-size":"auto","background-attachment":"scroll","background-type":"","background-media":"","overlay-type":"","overlay-color":"","overlay-opacity":"","overlay-gradient":""}},"ast-content-background-meta":{"desktop":{"background-color":"var(--ast-global-color-5)","background-image":"","background-repeat":"repeat","background-position":"center center","background-size":"auto","background-attachment":"scroll","background-type":"","background-media":"","overlay-type":"","overlay-color":"","overlay-opacity":"","overlay-gradient":""},"tablet":{"background-color":"var(--ast-global-color-5)","background-image":"","background-repeat":"repeat","background-position":"center center","background-size":"auto","background-attachment":"scroll","background-type":"","background-media":"","overlay-type":"","overlay-color":"","overlay-opacity":"","overlay-gradient":""},"mobile":{"background-color":"var(--ast-global-color-5)","background-image":"","background-repeat":"repeat","background-position":"center center","background-size":"auto","background-attachment":"scroll","background-type":"","background-media":"","overlay-type":"","overlay-color":"","overlay-opacity":"","overlay-gradient":""}},"footnotes":""},"class_list":["post-1637","page","type-page","status-publish","hentry"],"acf":[],"yoast_head":"<!-- This site is optimized with the Yoast SEO Premium plugin v27.2 (Yoast SEO v27.2) - https:\/\/yoast.com\/product\/yoast-seo-premium-wordpress\/ -->\n<title>Communaut\u00e9s locatives | Landric Homes<\/title>\n<meta name=\"robots\" content=\"index, follow, max-snippet:-1, max-image-preview:large, max-video-preview:-1\" \/>\n<link rel=\"canonical\" href=\"https:\/\/landrichomes.com\/fr\/communautes-locatives\/\" \/>\n<meta property=\"og:locale\" content=\"fr_FR\" \/>\n<meta property=\"og:type\" content=\"article\" \/>\n<meta property=\"og:title\" content=\"Communaut\u00e9s locatives\" \/>\n<meta property=\"og:description\" content=\"Communaut\u00e9s locatives Vous pensez \u00e0 louer un appartement neuf ? Inscrivez-vous d\u00e8s maintenant et soyez les premiers \u00e0 obtenir tous les d\u00e9tails de nos communaut\u00e9s locatives \u00e0 venir. Secteur recherch\u00e9Clarence-RocklandOrleans Type d\u2019appartementStudio1 chambre1 chambre + bureau2 chambres2 chambre + bureau3 chambres Budget750 $ &#8211; 1 000 $1 000 $ &#8211; 1 250 $1 250 $ [&hellip;]\" \/>\n<meta property=\"og:url\" content=\"https:\/\/landrichomes.com\/fr\/communautes-locatives\/\" \/>\n<meta property=\"og:site_name\" content=\"Landric Homes\" \/>\n<meta property=\"article:modified_time\" content=\"2022-05-30T13:52:11+00:00\" \/>\n<meta name=\"twitter:card\" content=\"summary_large_image\" \/>\n<meta name=\"twitter:label1\" content=\"Dur\u00e9e de lecture estim\u00e9e\" \/>\n\t<meta name=\"twitter:data1\" content=\"1 minute\" \/>\n<script type=\"application\/ld+json\" class=\"yoast-schema-graph\">{\"@context\":\"https:\/\/schema.org\",\"@graph\":[{\"@type\":\"WebPage\",\"@id\":\"https:\/\/landrichomes.com\/fr\/communautes-locatives\/\",\"url\":\"https:\/\/landrichomes.com\/fr\/communautes-locatives\/\",\"name\":\"Communaut\u00e9s locatives | Landric Homes\",\"isPartOf\":{\"@id\":\"https:\/\/landrichomes.com\/fr\/#website\"},\"datePublished\":\"2020-05-13T12:57:20+00:00\",\"dateModified\":\"2022-05-30T13:52:11+00:00\",\"breadcrumb\":{\"@id\":\"https:\/\/landrichomes.com\/fr\/communautes-locatives\/#breadcrumb\"},\"inLanguage\":\"fr-FR\",\"potentialAction\":[{\"@type\":\"ReadAction\",\"target\":[\"https:\/\/landrichomes.com\/fr\/communautes-locatives\/\"]}]},{\"@type\":\"BreadcrumbList\",\"@id\":\"https:\/\/landrichomes.com\/fr\/communautes-locatives\/#breadcrumb\",\"itemListElement\":[{\"@type\":\"ListItem\",\"position\":1,\"name\":\"Home\",\"item\":\"https:\/\/landrichomes.com\/fr\/\"},{\"@type\":\"ListItem\",\"position\":2,\"name\":\"Communaut\u00e9s locatives\"}]},{\"@type\":\"WebSite\",\"@id\":\"https:\/\/landrichomes.com\/fr\/#website\",\"url\":\"https:\/\/landrichomes.com\/fr\/\",\"name\":\"Landric Homes\",\"description\":\"Gatineau, Qu\u00e9bec\",\"publisher\":{\"@id\":\"https:\/\/landrichomes.com\/fr\/#organization\"},\"potentialAction\":[{\"@type\":\"SearchAction\",\"target\":{\"@type\":\"EntryPoint\",\"urlTemplate\":\"https:\/\/landrichomes.com\/fr\/?s={search_term_string}\"},\"query-input\":{\"@type\":\"PropertyValueSpecification\",\"valueRequired\":true,\"valueName\":\"search_term_string\"}}],\"inLanguage\":\"fr-FR\"},{\"@type\":[\"Organization\",\"Place\",\"HomeAndConstructionBusiness\"],\"@id\":\"https:\/\/landrichomes.com\/fr\/#organization\",\"name\":\"Construction LaV\u00e9rendrye\",\"url\":\"https:\/\/landrichomes.com\/fr\/\",\"logo\":{\"@id\":\"https:\/\/landrichomes.com\/fr\/communautes-locatives\/#local-main-organization-logo\"},\"image\":{\"@id\":\"https:\/\/landrichomes.com\/fr\/communautes-locatives\/#local-main-organization-logo\"},\"address\":{\"@id\":\"https:\/\/landrichomes.com\/fr\/communautes-locatives\/#local-main-place-address\"},\"telephone\":[\"(819) 663-0003\"],\"openingHoursSpecification\":[{\"@type\":\"OpeningHoursSpecification\",\"dayOfWeek\":[\"Monday\",\"Tuesday\",\"Wednesday\",\"Thursday\"],\"opens\":\"08:00\",\"closes\":\"19:30\"},{\"@type\":\"OpeningHoursSpecification\",\"dayOfWeek\":[\"Friday\"],\"opens\":\"08:00\",\"closes\":\"17:00\"},{\"@type\":\"OpeningHoursSpecification\",\"dayOfWeek\":[\"Saturday\",\"Sunday\"],\"opens\":\"11:00\",\"closes\":\"17:00\"}],\"email\":\"info@landrichomes.com\"},{\"@type\":\"PostalAddress\",\"@id\":\"https:\/\/landrichomes.com\/fr\/communautes-locatives\/#local-main-place-address\",\"streetAddress\":\"63, chemin de Montr\u00e9al E\",\"addressLocality\":\"Gatineau\",\"postalCode\":\"J8M 1K3\",\"addressRegion\":\"Qu\u00e9bec\",\"addressCountry\":\"CA\"},{\"@type\":\"ImageObject\",\"inLanguage\":\"fr-FR\",\"@id\":\"https:\/\/landrichomes.com\/fr\/communautes-locatives\/#local-main-organization-logo\",\"url\":\"https:\/\/landrichomes.com\/wp-content\/uploads\/2020\/05\/logo-20ans-opt.png\",\"contentUrl\":\"https:\/\/landrichomes.com\/wp-content\/uploads\/2020\/05\/logo-20ans-opt.png\",\"width\":192,\"height\":77,\"caption\":\"Construction LaV\u00e9rendrye\"}]}<\/script>\n<meta name=\"geo.placename\" content=\"Gatineau\" \/>\n<meta name=\"geo.region\" content=\"Canada\" \/>\n<!-- \/ Yoast SEO Premium plugin. -->","yoast_head_json":{"title":"Communaut\u00e9s locatives | Landric Homes","robots":{"index":"index","follow":"follow","max-snippet":"max-snippet:-1","max-image-preview":"max-image-preview:large","max-video-preview":"max-video-preview:-1"},"canonical":"https:\/\/landrichomes.com\/fr\/communautes-locatives\/","og_locale":"fr_FR","og_type":"article","og_title":"Communaut\u00e9s locatives","og_description":"Communaut\u00e9s locatives Vous pensez \u00e0 louer un appartement neuf ? Inscrivez-vous d\u00e8s maintenant et soyez les premiers \u00e0 obtenir tous les d\u00e9tails de nos communaut\u00e9s locatives \u00e0 venir. Secteur recherch\u00e9Clarence-RocklandOrleans Type d\u2019appartementStudio1 chambre1 chambre + bureau2 chambres2 chambre + bureau3 chambres Budget750 $ &#8211; 1 000 $1 000 $ &#8211; 1 250 $1 250 $ [&hellip;]","og_url":"https:\/\/landrichomes.com\/fr\/communautes-locatives\/","og_site_name":"Landric Homes","article_modified_time":"2022-05-30T13:52:11+00:00","twitter_card":"summary_large_image","twitter_misc":{"Dur\u00e9e de lecture estim\u00e9e":"1 minute"},"schema":{"@context":"https:\/\/schema.org","@graph":[{"@type":"WebPage","@id":"https:\/\/landrichomes.com\/fr\/communautes-locatives\/","url":"https:\/\/landrichomes.com\/fr\/communautes-locatives\/","name":"Communaut\u00e9s locatives | Landric Homes","isPartOf":{"@id":"https:\/\/landrichomes.com\/fr\/#website"},"datePublished":"2020-05-13T12:57:20+00:00","dateModified":"2022-05-30T13:52:11+00:00","breadcrumb":{"@id":"https:\/\/landrichomes.com\/fr\/communautes-locatives\/#breadcrumb"},"inLanguage":"fr-FR","potentialAction":[{"@type":"ReadAction","target":["https:\/\/landrichomes.com\/fr\/communautes-locatives\/"]}]},{"@type":"BreadcrumbList","@id":"https:\/\/landrichomes.com\/fr\/communautes-locatives\/#breadcrumb","itemListElement":[{"@type":"ListItem","position":1,"name":"Home","item":"https:\/\/landrichomes.com\/fr\/"},{"@type":"ListItem","position":2,"name":"Communaut\u00e9s locatives"}]},{"@type":"WebSite","@id":"https:\/\/landrichomes.com\/fr\/#website","url":"https:\/\/landrichomes.com\/fr\/","name":"Landric Homes","description":"Gatineau, Qu\u00e9bec","publisher":{"@id":"https:\/\/landrichomes.com\/fr\/#organization"},"potentialAction":[{"@type":"SearchAction","target":{"@type":"EntryPoint","urlTemplate":"https:\/\/landrichomes.com\/fr\/?s={search_term_string}"},"query-input":{"@type":"PropertyValueSpecification","valueRequired":true,"valueName":"search_term_string"}}],"inLanguage":"fr-FR"},{"@type":["Organization","Place","HomeAndConstructionBusiness"],"@id":"https:\/\/landrichomes.com\/fr\/#organization","name":"Construction LaV\u00e9rendrye","url":"https:\/\/landrichomes.com\/fr\/","logo":{"@id":"https:\/\/landrichomes.com\/fr\/communautes-locatives\/#local-main-organization-logo"},"image":{"@id":"https:\/\/landrichomes.com\/fr\/communautes-locatives\/#local-main-organization-logo"},"address":{"@id":"https:\/\/landrichomes.com\/fr\/communautes-locatives\/#local-main-place-address"},"telephone":["(819) 663-0003"],"openingHoursSpecification":[{"@type":"OpeningHoursSpecification","dayOfWeek":["Monday","Tuesday","Wednesday","Thursday"],"opens":"08:00","closes":"19:30"},{"@type":"OpeningHoursSpecification","dayOfWeek":["Friday"],"opens":"08:00","closes":"17:00"},{"@type":"OpeningHoursSpecification","dayOfWeek":["Saturday","Sunday"],"opens":"11:00","closes":"17:00"}],"email":"info@landrichomes.com"},{"@type":"PostalAddress","@id":"https:\/\/landrichomes.com\/fr\/communautes-locatives\/#local-main-place-address","streetAddress":"63, chemin de Montr\u00e9al E","addressLocality":"Gatineau","postalCode":"J8M 1K3","addressRegion":"Qu\u00e9bec","addressCountry":"CA"},{"@type":"ImageObject","inLanguage":"fr-FR","@id":"https:\/\/landrichomes.com\/fr\/communautes-locatives\/#local-main-organization-logo","url":"https:\/\/landrichomes.com\/wp-content\/uploads\/2020\/05\/logo-20ans-opt.png","contentUrl":"https:\/\/landrichomes.com\/wp-content\/uploads\/2020\/05\/logo-20ans-opt.png","width":192,"height":77,"caption":"Construction LaV\u00e9rendrye"}]},"geo.placename":"Gatineau","geo.region":"Canada"},"_links":{"self":[{"href":"https:\/\/landrichomes.com\/fr\/wp-json\/wp\/v2\/pages\/1637","targetHints":{"allow":["GET"]}}],"collection":[{"href":"https:\/\/landrichomes.com\/fr\/wp-json\/wp\/v2\/pages"}],"about":[{"href":"https:\/\/landrichomes.com\/fr\/wp-json\/wp\/v2\/types\/page"}],"author":[{"embeddable":true,"href":"https:\/\/landrichomes.com\/fr\/wp-json\/wp\/v2\/users\/3"}],"replies":[{"embeddable":true,"href":"https:\/\/landrichomes.com\/fr\/wp-json\/wp\/v2\/comments?post=1637"}],"version-history":[{"count":0,"href":"https:\/\/landrichomes.com\/fr\/wp-json\/wp\/v2\/pages\/1637\/revisions"}],"wp:attachment":[{"href":"https:\/\/landrichomes.com\/fr\/wp-json\/wp\/v2\/media?parent=1637"}],"curies":[{"name":"wp","href":"https:\/\/api.w.org\/{rel}","templated":true}]}}