{"id":5210,"date":"2022-06-12T14:37:20","date_gmt":"2022-06-12T18:37:20","guid":{"rendered":"https:\/\/landrichomes.com\/limoges\/"},"modified":"2022-07-18T16:15:21","modified_gmt":"2022-07-18T20:15:21","slug":"limoges","status":"publish","type":"page","link":"https:\/\/landrichomes.com\/fr\/limoges\/","title":{"rendered":"Limoges"},"content":{"rendered":"\t\t<div data-elementor-type=\"wp-page\" data-elementor-id=\"5210\" class=\"elementor elementor-5210 elementor-5207\" data-elementor-post-type=\"page\">\n\t\t\t\t\t\t<section class=\"elementor-section elementor-top-section elementor-element elementor-element-3b522701 elementor-section-stretched elementor-section-boxed elementor-section-height-default elementor-section-height-default\" data-id=\"3b522701\" data-element_type=\"section\" data-e-type=\"section\" data-settings=\"{&quot;background_background&quot;:&quot;classic&quot;,&quot;stretch_section&quot;:&quot;section-stretched&quot;}\">\n\t\t\t\t\t\t\t<div class=\"elementor-background-overlay\"><\/div>\n\t\t\t\t\t\t\t<div class=\"elementor-container elementor-column-gap-no\">\n\t\t\t\t\t<div class=\"elementor-column elementor-col-100 elementor-top-column elementor-element elementor-element-59ff307b\" data-id=\"59ff307b\" data-element_type=\"column\" data-e-type=\"column\">\n\t\t\t<div class=\"elementor-widget-wrap elementor-element-populated\">\n\t\t\t\t\t\t<div class=\"elementor-element elementor-element-5e9c1329 elementor-widget elementor-widget-heading\" data-id=\"5e9c1329\" data-element_type=\"widget\" data-e-type=\"widget\" data-widget_type=\"heading.default\">\n\t\t\t\t<div class=\"elementor-widget-container\">\n\t\t\t\t\t<div class=\"elementor-heading-title elementor-size-default\">BIENT\u00d4T ICI<\/div>\t\t\t\t<\/div>\n\t\t\t\t<\/div>\n\t\t\t\t<div class=\"elementor-element elementor-element-4a2231c4 elementor-widget elementor-widget-heading\" data-id=\"4a2231c4\" data-element_type=\"widget\" data-e-type=\"widget\" data-widget_type=\"heading.default\">\n\t\t\t\t<div class=\"elementor-widget-container\">\n\t\t\t\t\t<h1 class=\"elementor-heading-title elementor-size-default\">Willow Springs<\/h1>\t\t\t\t<\/div>\n\t\t\t\t<\/div>\n\t\t\t\t\t<\/div>\n\t\t<\/div>\n\t\t\t\t\t<\/div>\n\t\t<\/section>\n\t\t\t\t<section class=\"elementor-section elementor-top-section elementor-element elementor-element-95cd36a elementor-section-boxed elementor-section-height-default elementor-section-height-default\" data-id=\"95cd36a\" data-element_type=\"section\" data-e-type=\"section\">\n\t\t\t\t\t\t<div class=\"elementor-container elementor-column-gap-no\">\n\t\t\t\t\t<div class=\"elementor-column elementor-col-33 elementor-top-column elementor-element elementor-element-4704628\" data-id=\"4704628\" data-element_type=\"column\" data-e-type=\"column\">\n\t\t\t<div class=\"elementor-widget-wrap elementor-element-populated\">\n\t\t\t\t\t\t<div class=\"elementor-element elementor-element-74137921 elementor-widget elementor-widget-text-editor\" data-id=\"74137921\" data-element_type=\"widget\" data-e-type=\"widget\" data-widget_type=\"text-editor.default\">\n\t\t\t\t<div class=\"elementor-widget-container\">\n\t\t\t\t\t\t\t\t\t<h5><strong>Limoges, un endroit id\u00e9al pour s&rsquo;installer<\/strong><\/h5>\nSitu\u00e9 parfaitement entre Ottawa, Orl\u00e9ans et Casselman, Limoges offre \u00e0 ses r\u00e9sidents un style de vie charmant dans une communaut\u00e9-dortoir d&rsquo;Ottawa bien adapt\u00e9e.  Situ\u00e9 \u00e0 moins de 30 minutes d&rsquo;Ottawa et \u00e0 moins de 50 minutes de la fronti\u00e8re am\u00e9ricaine, Limoges est id\u00e9alement situ\u00e9e pour le travail, les loisirs ou la retraite. \u00c0 seulement quelques kilom\u00e8tres de l&rsquo;autoroute 417, l&rsquo;acc\u00e8s \u00e0 un parc relais qui offre une connexion rapide aux transports en commun d&rsquo;Ottawa (autobus ou train), Limoges est parfait pour ceux qui travaillent en ville et qui veulent aussi vivre au c\u0153ur de la nature.\t\t\t\t\t\t\t\t<\/div>\n\t\t\t\t<\/div>\n\t\t\t\t\t<\/div>\n\t\t<\/div>\n\t\t\t\t<div class=\"elementor-column elementor-col-33 elementor-top-column elementor-element elementor-element-7e70a52c\" data-id=\"7e70a52c\" data-element_type=\"column\" data-e-type=\"column\">\n\t\t\t<div class=\"elementor-widget-wrap\">\n\t\t\t\t\t\t\t<\/div>\n\t\t<\/div>\n\t\t\t\t<div class=\"elementor-column elementor-col-33 elementor-top-column elementor-element elementor-element-2c403d2e\" data-id=\"2c403d2e\" data-element_type=\"column\" data-e-type=\"column\">\n\t\t\t<div class=\"elementor-widget-wrap elementor-element-populated\">\n\t\t\t\t\t\t<div class=\"elementor-element elementor-element-1c5416fa elementor-widget elementor-widget-text-editor\" data-id=\"1c5416fa\" data-element_type=\"widget\" data-e-type=\"widget\" data-widget_type=\"text-editor.default\">\n\t\t\t\t<div class=\"elementor-widget-container\">\n\t\t\t\t\t\t\t\t\t<h5><strong>Une petite communaut\u00e9 en pleine expansion<\/strong><\/h5>\nBien que la population de Limoges soit petite, les services et les activit\u00e9s disponibles ne le sont pas. En bordure de la magnifique for\u00eat Larose, les r\u00e9sidents peuvent profiter de la beaut\u00e9 du paysage, tout en ayant acc\u00e8s \u00e0 des parcs, des pistes cyclables, des centres m\u00e9dicaux, des magasins, des \u00e9coles et des garderies, une patinoire et bien plus encore. Limoges a m\u00eame r\u00e9cemment investi 14 millions de dollars dans un nouveau complexe sportif en cours de construction, qui proposera deux terrains de football, du frisbee ultime, du softball et des cours de yoga.\t\t\t\t\t\t\t\t<\/div>\n\t\t\t\t<\/div>\n\t\t\t\t\t<\/div>\n\t\t<\/div>\n\t\t\t\t\t<\/div>\n\t\t<\/section>\n\t\t\t\t<section class=\"elementor-section elementor-top-section elementor-element elementor-element-1dea29c9 elementor-section-stretched elementor-section-boxed elementor-section-height-default elementor-section-height-default\" data-id=\"1dea29c9\" data-element_type=\"section\" data-e-type=\"section\" data-settings=\"{&quot;stretch_section&quot;:&quot;section-stretched&quot;,&quot;background_background&quot;:&quot;classic&quot;}\">\n\t\t\t\t\t\t\t<div class=\"elementor-background-overlay\"><\/div>\n\t\t\t\t\t\t\t<div class=\"elementor-container elementor-column-gap-default\">\n\t\t\t\t\t<div class=\"elementor-column elementor-col-100 elementor-top-column elementor-element elementor-element-409e8120\" data-id=\"409e8120\" data-element_type=\"column\" data-e-type=\"column\">\n\t\t\t<div class=\"elementor-widget-wrap elementor-element-populated\">\n\t\t\t\t\t\t<div class=\"elementor-element elementor-element-2d106913 elementor-widget elementor-widget-heading\" data-id=\"2d106913\" data-element_type=\"widget\" data-e-type=\"widget\" data-widget_type=\"heading.default\">\n\t\t\t\t<div class=\"elementor-widget-container\">\n\t\t\t\t\t<h2 class=\"elementor-heading-title elementor-size-default\">Int\u00e9ress\u00e9 \u00e0 vivre \u00e0 <b>Willow Springs?<\/b><\/h2>\t\t\t\t<\/div>\n\t\t\t\t<\/div>\n\t\t\t\t<div class=\"elementor-element elementor-element-1f4789f1 elementor-widget elementor-widget-text-editor\" data-id=\"1f4789f1\" data-element_type=\"widget\" data-e-type=\"widget\" data-widget_type=\"text-editor.default\">\n\t\t\t\t<div class=\"elementor-widget-container\">\n\t\t\t\t\t\t\t\t\tRemplissez le formulaire ci-dessous pour \u00eatre ajout\u00e9 \u00e0 notre liste VIP\t\t\t\t\t\t\t\t<\/div>\n\t\t\t\t<\/div>\n\t\t\t\t<div class=\"elementor-element elementor-element-9fba1de uael-gf-input-size-xs uael-gf-button-right uael-gf-ajax-true uael-gf-style-box uael-gf-enable-classes-no uael-gf-btn-size-sm elementor-widget elementor-widget-uael-gf-styler\" data-id=\"9fba1de\" data-element_type=\"widget\" data-e-type=\"widget\" data-widget_type=\"uael-gf-styler.default\">\n\t\t\t\t<div class=\"elementor-widget-container\">\n\t\t\t\t\t<div class=\"uael-gf-style uael-gf-check-style elementor-clickable\">\n\t\n<\/div>\n\t\t\t\t<\/div>\n\t\t\t\t<\/div>\n\t\t\t\t\t<\/div>\n\t\t<\/div>\n\t\t\t\t\t<\/div>\n\t\t<\/section>\n\t\t\t\t<\/div>\n\t\t","protected":false},"excerpt":{"rendered":"<p>BIENT\u00d4T ICI Willow Springs Limoges, un endroit id\u00e9al pour s&rsquo;installer Situ\u00e9 parfaitement entre Ottawa, Orl\u00e9ans et Casselman, Limoges offre \u00e0 ses r\u00e9sidents un style de vie charmant dans une communaut\u00e9-dortoir d&rsquo;Ottawa bien adapt\u00e9e. Situ\u00e9 \u00e0 moins de 30 minutes d&rsquo;Ottawa et \u00e0 moins de 50 minutes de la fronti\u00e8re am\u00e9ricaine, Limoges est id\u00e9alement situ\u00e9e pour [&hellip;]<\/p>\n","protected":false},"author":3,"featured_media":0,"parent":0,"menu_order":0,"comment_status":"closed","ping_status":"closed","template":"","meta":{"_acf_changed":false,"site-sidebar-layout":"default","site-content-layout":"","ast-site-content-layout":"default","site-content-style":"default","site-sidebar-style":"default","ast-global-header-display":"","ast-banner-title-visibility":"","ast-main-header-display":"","ast-hfb-above-header-display":"","ast-hfb-below-header-display":"","ast-hfb-mobile-header-display":"","site-post-title":"","ast-breadcrumbs-content":"","ast-featured-img":"","footer-sml-layout":"","ast-disable-related-posts":"","theme-transparent-header-meta":"","adv-header-id-meta":"","stick-header-meta":"","header-above-stick-meta":"","header-main-stick-meta":"","header-below-stick-meta":"","astra-migrate-meta-layouts":"default","ast-page-background-enabled":"default","ast-page-background-meta":{"desktop":{"background-color":"var(--ast-global-color-4)","background-image":"","background-repeat":"repeat","background-position":"center center","background-size":"auto","background-attachment":"scroll","background-type":"","background-media":"","overlay-type":"","overlay-color":"","overlay-opacity":"","overlay-gradient":""},"tablet":{"background-color":"","background-image":"","background-repeat":"repeat","background-position":"center center","background-size":"auto","background-attachment":"scroll","background-type":"","background-media":"","overlay-type":"","overlay-color":"","overlay-opacity":"","overlay-gradient":""},"mobile":{"background-color":"","background-image":"","background-repeat":"repeat","background-position":"center center","background-size":"auto","background-attachment":"scroll","background-type":"","background-media":"","overlay-type":"","overlay-color":"","overlay-opacity":"","overlay-gradient":""}},"ast-content-background-meta":{"desktop":{"background-color":"var(--ast-global-color-5)","background-image":"","background-repeat":"repeat","background-position":"center center","background-size":"auto","background-attachment":"scroll","background-type":"","background-media":"","overlay-type":"","overlay-color":"","overlay-opacity":"","overlay-gradient":""},"tablet":{"background-color":"var(--ast-global-color-5)","background-image":"","background-repeat":"repeat","background-position":"center center","background-size":"auto","background-attachment":"scroll","background-type":"","background-media":"","overlay-type":"","overlay-color":"","overlay-opacity":"","overlay-gradient":""},"mobile":{"background-color":"var(--ast-global-color-5)","background-image":"","background-repeat":"repeat","background-position":"center center","background-size":"auto","background-attachment":"scroll","background-type":"","background-media":"","overlay-type":"","overlay-color":"","overlay-opacity":"","overlay-gradient":""}},"footnotes":""},"class_list":["post-5210","page","type-page","status-publish","hentry"],"acf":[],"yoast_head":"<!-- This site is optimized with the Yoast SEO Premium plugin v27.2 (Yoast SEO v27.2) - https:\/\/yoast.com\/product\/yoast-seo-premium-wordpress\/ -->\n<title>Limoges | Landric Homes<\/title>\n<meta name=\"robots\" content=\"index, follow, max-snippet:-1, max-image-preview:large, max-video-preview:-1\" \/>\n<link rel=\"canonical\" href=\"https:\/\/landrichomes.com\/fr\/limoges\/\" \/>\n<meta property=\"og:locale\" content=\"fr_FR\" \/>\n<meta property=\"og:type\" content=\"article\" \/>\n<meta property=\"og:title\" content=\"Limoges\" \/>\n<meta property=\"og:description\" content=\"BIENT\u00d4T ICI Willow Springs Limoges, un endroit id\u00e9al pour s&rsquo;installer Situ\u00e9 parfaitement entre Ottawa, Orl\u00e9ans et Casselman, Limoges offre \u00e0 ses r\u00e9sidents un style de vie charmant dans une communaut\u00e9-dortoir d&rsquo;Ottawa bien adapt\u00e9e. Situ\u00e9 \u00e0 moins de 30 minutes d&rsquo;Ottawa et \u00e0 moins de 50 minutes de la fronti\u00e8re am\u00e9ricaine, Limoges est id\u00e9alement situ\u00e9e pour [&hellip;]\" \/>\n<meta property=\"og:url\" content=\"https:\/\/landrichomes.com\/fr\/limoges\/\" \/>\n<meta property=\"og:site_name\" content=\"Landric Homes\" \/>\n<meta property=\"article:modified_time\" content=\"2022-07-18T20:15:21+00:00\" \/>\n<meta name=\"twitter:card\" content=\"summary_large_image\" \/>\n<meta name=\"twitter:label1\" content=\"Dur\u00e9e de lecture estim\u00e9e\" \/>\n\t<meta name=\"twitter:data1\" content=\"2 minutes\" \/>\n<script type=\"application\/ld+json\" class=\"yoast-schema-graph\">{\"@context\":\"https:\/\/schema.org\",\"@graph\":[{\"@type\":\"WebPage\",\"@id\":\"https:\/\/landrichomes.com\/fr\/limoges\/\",\"url\":\"https:\/\/landrichomes.com\/fr\/limoges\/\",\"name\":\"Limoges | Landric Homes\",\"isPartOf\":{\"@id\":\"https:\/\/landrichomes.com\/fr\/#website\"},\"datePublished\":\"2022-06-12T18:37:20+00:00\",\"dateModified\":\"2022-07-18T20:15:21+00:00\",\"breadcrumb\":{\"@id\":\"https:\/\/landrichomes.com\/fr\/limoges\/#breadcrumb\"},\"inLanguage\":\"fr-FR\",\"potentialAction\":[{\"@type\":\"ReadAction\",\"target\":[\"https:\/\/landrichomes.com\/fr\/limoges\/\"]}]},{\"@type\":\"BreadcrumbList\",\"@id\":\"https:\/\/landrichomes.com\/fr\/limoges\/#breadcrumb\",\"itemListElement\":[{\"@type\":\"ListItem\",\"position\":1,\"name\":\"Home\",\"item\":\"https:\/\/landrichomes.com\/fr\/\"},{\"@type\":\"ListItem\",\"position\":2,\"name\":\"Limoges\"}]},{\"@type\":\"WebSite\",\"@id\":\"https:\/\/landrichomes.com\/fr\/#website\",\"url\":\"https:\/\/landrichomes.com\/fr\/\",\"name\":\"Landric Homes\",\"description\":\"Gatineau, Qu\u00e9bec\",\"publisher\":{\"@id\":\"https:\/\/landrichomes.com\/fr\/#organization\"},\"potentialAction\":[{\"@type\":\"SearchAction\",\"target\":{\"@type\":\"EntryPoint\",\"urlTemplate\":\"https:\/\/landrichomes.com\/fr\/?s={search_term_string}\"},\"query-input\":{\"@type\":\"PropertyValueSpecification\",\"valueRequired\":true,\"valueName\":\"search_term_string\"}}],\"inLanguage\":\"fr-FR\"},{\"@type\":[\"Organization\",\"Place\",\"HomeAndConstructionBusiness\"],\"@id\":\"https:\/\/landrichomes.com\/fr\/#organization\",\"name\":\"Construction LaV\u00e9rendrye\",\"url\":\"https:\/\/landrichomes.com\/fr\/\",\"logo\":{\"@id\":\"https:\/\/landrichomes.com\/fr\/limoges\/#local-main-organization-logo\"},\"image\":{\"@id\":\"https:\/\/landrichomes.com\/fr\/limoges\/#local-main-organization-logo\"},\"address\":{\"@id\":\"https:\/\/landrichomes.com\/fr\/limoges\/#local-main-place-address\"},\"telephone\":[\"(819) 663-0003\"],\"openingHoursSpecification\":[{\"@type\":\"OpeningHoursSpecification\",\"dayOfWeek\":[\"Monday\",\"Tuesday\",\"Wednesday\",\"Thursday\"],\"opens\":\"08:00\",\"closes\":\"19:30\"},{\"@type\":\"OpeningHoursSpecification\",\"dayOfWeek\":[\"Friday\"],\"opens\":\"08:00\",\"closes\":\"17:00\"},{\"@type\":\"OpeningHoursSpecification\",\"dayOfWeek\":[\"Saturday\",\"Sunday\"],\"opens\":\"11:00\",\"closes\":\"17:00\"}],\"email\":\"info@landrichomes.com\"},{\"@type\":\"PostalAddress\",\"@id\":\"https:\/\/landrichomes.com\/fr\/limoges\/#local-main-place-address\",\"streetAddress\":\"63, chemin de Montr\u00e9al E\",\"addressLocality\":\"Gatineau\",\"postalCode\":\"J8M 1K3\",\"addressRegion\":\"Qu\u00e9bec\",\"addressCountry\":\"CA\"},{\"@type\":\"ImageObject\",\"inLanguage\":\"fr-FR\",\"@id\":\"https:\/\/landrichomes.com\/fr\/limoges\/#local-main-organization-logo\",\"url\":\"https:\/\/landrichomes.com\/wp-content\/uploads\/2020\/05\/logo-20ans-opt.png\",\"contentUrl\":\"https:\/\/landrichomes.com\/wp-content\/uploads\/2020\/05\/logo-20ans-opt.png\",\"width\":192,\"height\":77,\"caption\":\"Construction LaV\u00e9rendrye\"}]}<\/script>\n<meta name=\"geo.placename\" content=\"Gatineau\" \/>\n<meta name=\"geo.region\" content=\"Canada\" \/>\n<!-- \/ Yoast SEO Premium plugin. -->","yoast_head_json":{"title":"Limoges | Landric Homes","robots":{"index":"index","follow":"follow","max-snippet":"max-snippet:-1","max-image-preview":"max-image-preview:large","max-video-preview":"max-video-preview:-1"},"canonical":"https:\/\/landrichomes.com\/fr\/limoges\/","og_locale":"fr_FR","og_type":"article","og_title":"Limoges","og_description":"BIENT\u00d4T ICI Willow Springs Limoges, un endroit id\u00e9al pour s&rsquo;installer Situ\u00e9 parfaitement entre Ottawa, Orl\u00e9ans et Casselman, Limoges offre \u00e0 ses r\u00e9sidents un style de vie charmant dans une communaut\u00e9-dortoir d&rsquo;Ottawa bien adapt\u00e9e. Situ\u00e9 \u00e0 moins de 30 minutes d&rsquo;Ottawa et \u00e0 moins de 50 minutes de la fronti\u00e8re am\u00e9ricaine, Limoges est id\u00e9alement situ\u00e9e pour [&hellip;]","og_url":"https:\/\/landrichomes.com\/fr\/limoges\/","og_site_name":"Landric Homes","article_modified_time":"2022-07-18T20:15:21+00:00","twitter_card":"summary_large_image","twitter_misc":{"Dur\u00e9e de lecture estim\u00e9e":"2 minutes"},"schema":{"@context":"https:\/\/schema.org","@graph":[{"@type":"WebPage","@id":"https:\/\/landrichomes.com\/fr\/limoges\/","url":"https:\/\/landrichomes.com\/fr\/limoges\/","name":"Limoges | Landric Homes","isPartOf":{"@id":"https:\/\/landrichomes.com\/fr\/#website"},"datePublished":"2022-06-12T18:37:20+00:00","dateModified":"2022-07-18T20:15:21+00:00","breadcrumb":{"@id":"https:\/\/landrichomes.com\/fr\/limoges\/#breadcrumb"},"inLanguage":"fr-FR","potentialAction":[{"@type":"ReadAction","target":["https:\/\/landrichomes.com\/fr\/limoges\/"]}]},{"@type":"BreadcrumbList","@id":"https:\/\/landrichomes.com\/fr\/limoges\/#breadcrumb","itemListElement":[{"@type":"ListItem","position":1,"name":"Home","item":"https:\/\/landrichomes.com\/fr\/"},{"@type":"ListItem","position":2,"name":"Limoges"}]},{"@type":"WebSite","@id":"https:\/\/landrichomes.com\/fr\/#website","url":"https:\/\/landrichomes.com\/fr\/","name":"Landric Homes","description":"Gatineau, Qu\u00e9bec","publisher":{"@id":"https:\/\/landrichomes.com\/fr\/#organization"},"potentialAction":[{"@type":"SearchAction","target":{"@type":"EntryPoint","urlTemplate":"https:\/\/landrichomes.com\/fr\/?s={search_term_string}"},"query-input":{"@type":"PropertyValueSpecification","valueRequired":true,"valueName":"search_term_string"}}],"inLanguage":"fr-FR"},{"@type":["Organization","Place","HomeAndConstructionBusiness"],"@id":"https:\/\/landrichomes.com\/fr\/#organization","name":"Construction LaV\u00e9rendrye","url":"https:\/\/landrichomes.com\/fr\/","logo":{"@id":"https:\/\/landrichomes.com\/fr\/limoges\/#local-main-organization-logo"},"image":{"@id":"https:\/\/landrichomes.com\/fr\/limoges\/#local-main-organization-logo"},"address":{"@id":"https:\/\/landrichomes.com\/fr\/limoges\/#local-main-place-address"},"telephone":["(819) 663-0003"],"openingHoursSpecification":[{"@type":"OpeningHoursSpecification","dayOfWeek":["Monday","Tuesday","Wednesday","Thursday"],"opens":"08:00","closes":"19:30"},{"@type":"OpeningHoursSpecification","dayOfWeek":["Friday"],"opens":"08:00","closes":"17:00"},{"@type":"OpeningHoursSpecification","dayOfWeek":["Saturday","Sunday"],"opens":"11:00","closes":"17:00"}],"email":"info@landrichomes.com"},{"@type":"PostalAddress","@id":"https:\/\/landrichomes.com\/fr\/limoges\/#local-main-place-address","streetAddress":"63, chemin de Montr\u00e9al E","addressLocality":"Gatineau","postalCode":"J8M 1K3","addressRegion":"Qu\u00e9bec","addressCountry":"CA"},{"@type":"ImageObject","inLanguage":"fr-FR","@id":"https:\/\/landrichomes.com\/fr\/limoges\/#local-main-organization-logo","url":"https:\/\/landrichomes.com\/wp-content\/uploads\/2020\/05\/logo-20ans-opt.png","contentUrl":"https:\/\/landrichomes.com\/wp-content\/uploads\/2020\/05\/logo-20ans-opt.png","width":192,"height":77,"caption":"Construction LaV\u00e9rendrye"}]},"geo.placename":"Gatineau","geo.region":"Canada"},"_links":{"self":[{"href":"https:\/\/landrichomes.com\/fr\/wp-json\/wp\/v2\/pages\/5210","targetHints":{"allow":["GET"]}}],"collection":[{"href":"https:\/\/landrichomes.com\/fr\/wp-json\/wp\/v2\/pages"}],"about":[{"href":"https:\/\/landrichomes.com\/fr\/wp-json\/wp\/v2\/types\/page"}],"author":[{"embeddable":true,"href":"https:\/\/landrichomes.com\/fr\/wp-json\/wp\/v2\/users\/3"}],"replies":[{"embeddable":true,"href":"https:\/\/landrichomes.com\/fr\/wp-json\/wp\/v2\/comments?post=5210"}],"version-history":[{"count":0,"href":"https:\/\/landrichomes.com\/fr\/wp-json\/wp\/v2\/pages\/5210\/revisions"}],"wp:attachment":[{"href":"https:\/\/landrichomes.com\/fr\/wp-json\/wp\/v2\/media?parent=5210"}],"curies":[{"name":"wp","href":"https:\/\/api.w.org\/{rel}","templated":true}]}}