{"id":6116,"date":"2023-12-27T11:36:58","date_gmt":"2023-12-27T16:36:58","guid":{"rendered":"https:\/\/landrichomes.com\/?page_id=6116"},"modified":"2023-12-27T19:50:30","modified_gmt":"2023-12-28T00:50:30","slug":"communautes","status":"publish","type":"page","link":"https:\/\/landrichomes.com\/fr\/communautes\/","title":{"rendered":"Communaut\u00e9s"},"content":{"rendered":"\t\t<div data-elementor-type=\"wp-page\" data-elementor-id=\"6116\" class=\"elementor elementor-6116\" data-elementor-post-type=\"page\">\n\t\t\t\t\t\t<section class=\"elementor-section elementor-top-section elementor-element elementor-element-84b35b3 elementor-section-stretched elementor-section-boxed elementor-section-height-default elementor-section-height-default\" data-id=\"84b35b3\" data-element_type=\"section\" data-e-type=\"section\" data-settings=\"{&quot;background_background&quot;:&quot;classic&quot;,&quot;stretch_section&quot;:&quot;section-stretched&quot;,&quot;background_motion_fx_translateY_effect&quot;:&quot;yes&quot;,&quot;background_motion_fx_translateY_speed&quot;:{&quot;unit&quot;:&quot;px&quot;,&quot;size&quot;:2,&quot;sizes&quot;:[]},&quot;background_motion_fx_range&quot;:&quot;page&quot;,&quot;background_motion_fx_motion_fx_scrolling&quot;:&quot;yes&quot;,&quot;background_motion_fx_translateY_affectedRange&quot;:{&quot;unit&quot;:&quot;%&quot;,&quot;size&quot;:&quot;&quot;,&quot;sizes&quot;:{&quot;start&quot;:0,&quot;end&quot;:100}},&quot;background_motion_fx_devices&quot;:[&quot;desktop&quot;,&quot;tablet&quot;,&quot;mobile&quot;]}\">\n\t\t\t\t\t\t\t<div class=\"elementor-background-overlay\"><\/div>\n\t\t\t\t\t\t\t<div class=\"elementor-container elementor-column-gap-no\">\n\t\t\t\t\t<div class=\"elementor-column elementor-col-100 elementor-top-column elementor-element elementor-element-71cb30a\" data-id=\"71cb30a\" data-element_type=\"column\" data-e-type=\"column\">\n\t\t\t<div class=\"elementor-widget-wrap\">\n\t\t\t\t\t\t\t<\/div>\n\t\t<\/div>\n\t\t\t\t\t<\/div>\n\t\t<\/section>\n\t\t\t\t<section class=\"elementor-section elementor-top-section elementor-element elementor-element-e9688b1 elementor-section-boxed elementor-section-height-default elementor-section-height-default\" data-id=\"e9688b1\" data-element_type=\"section\" data-e-type=\"section\" data-settings=\"{&quot;background_background&quot;:&quot;classic&quot;}\">\n\t\t\t\t\t\t<div class=\"elementor-container elementor-column-gap-no\">\n\t\t\t\t\t<div class=\"elementor-column elementor-col-100 elementor-top-column elementor-element elementor-element-3204fff\" data-id=\"3204fff\" data-element_type=\"column\" data-e-type=\"column\">\n\t\t\t<div class=\"elementor-widget-wrap elementor-element-populated\">\n\t\t\t\t\t\t<div class=\"elementor-element elementor-element-bc12e19 elementor-widget elementor-widget-heading\" data-id=\"bc12e19\" data-element_type=\"widget\" data-e-type=\"widget\" data-widget_type=\"heading.default\">\n\t\t\t\t<div class=\"elementor-widget-container\">\n\t\t\t\t\t<h2 class=\"elementor-heading-title elementor-size-default\">D\u00e9couvrez nos communaut\u00e9s dynamiques<\/h2>\t\t\t\t<\/div>\n\t\t\t\t<\/div>\n\t\t\t\t<div class=\"elementor-element elementor-element-9361aa2 elementor-widget-divider--view-line elementor-widget elementor-widget-divider\" data-id=\"9361aa2\" data-element_type=\"widget\" data-e-type=\"widget\" data-widget_type=\"divider.default\">\n\t\t\t\t<div class=\"elementor-widget-container\">\n\t\t\t\t\t\t\t<div class=\"elementor-divider\">\n\t\t\t<span class=\"elementor-divider-separator\">\n\t\t\t\t\t\t<\/span>\n\t\t<\/div>\n\t\t\t\t\t\t<\/div>\n\t\t\t\t<\/div>\n\t\t\t\t<div class=\"elementor-element elementor-element-a011dd5 elementor-widget elementor-widget-text-editor\" data-id=\"a011dd5\" data-element_type=\"widget\" data-e-type=\"widget\" data-widget_type=\"text-editor.default\">\n\t\t\t\t<div class=\"elementor-widget-container\">\n\t\t\t\t\t\t\t\t\t<p>Nous sommes tr\u00e8s fiers de pr\u00e9senter nos quartiers r\u00e9sidentiels actuels et futurs, nich\u00e9s au c\u0153ur de la pittoresque r\u00e9gion d\u2019Ottawa. Chaque communaut\u00e9 est con\u00e7ue avec soin pour refl\u00e9ter un m\u00e9lange harmonieux de confort, de style et de commodit\u00e9, r\u00e9pondant \u00e0 divers styles de vie et aspirations.<\/p>\t\t\t\t\t\t\t\t<\/div>\n\t\t\t\t<\/div>\n\t\t\t\t<div class=\"elementor-element elementor-element-f9ff8ea elementor-grid-2 elementor-posts--align-center ecs-posts elementor-grid-tablet-2 elementor-grid-mobile-1 elementor-posts--thumbnail-top elementor-widget elementor-widget-posts\" data-id=\"f9ff8ea\" data-element_type=\"widget\" data-e-type=\"widget\" data-settings=\"{&quot;classic_columns&quot;:&quot;2&quot;,&quot;classic_row_gap&quot;:{&quot;unit&quot;:&quot;px&quot;,&quot;size&quot;:50,&quot;sizes&quot;:[]},&quot;classic_columns_tablet&quot;:&quot;2&quot;,&quot;classic_columns_mobile&quot;:&quot;1&quot;,&quot;classic_row_gap_tablet&quot;:{&quot;unit&quot;:&quot;px&quot;,&quot;size&quot;:&quot;&quot;,&quot;sizes&quot;:[]},&quot;classic_row_gap_mobile&quot;:{&quot;unit&quot;:&quot;px&quot;,&quot;size&quot;:&quot;&quot;,&quot;sizes&quot;:[]}}\" data-widget_type=\"posts.classic\">\n\t\t\t\t<div class=\"elementor-widget-container\">\n\t\t\t\t\t\t\t<div class=\"elementor-posts-container elementor-posts elementor-posts--skin-classic elementor-grid\" role=\"list\">\n\t\t\t\t<article class=\"elementor-post elementor-grid-item post-5059 community type-community status-publish has-post-thumbnail hentry\" role=\"listitem\">\n\t\t\t\t<a class=\"elementor-post__thumbnail__link\" href=\"https:\/\/landrichomes.com\/fr\/community\/beaumont\/\" tabindex=\"-1\" >\n\t\t\t<div class=\"elementor-post__thumbnail\"><img fetchpriority=\"high\" decoding=\"async\" width=\"768\" height=\"604\" src=\"https:\/\/landrichomes.com\/wp-content\/uploads\/2023\/06\/Communautes-02-768x604.jpg\" class=\"attachment-medium_large size-medium_large wp-image-6232\" alt=\"\" srcset=\"https:\/\/landrichomes.com\/wp-content\/uploads\/2023\/06\/Communautes-02-768x604.jpg 768w, https:\/\/landrichomes.com\/wp-content\/uploads\/2023\/06\/Communautes-02-300x236.jpg 300w, https:\/\/landrichomes.com\/wp-content\/uploads\/2023\/06\/Communautes-02-1024x806.jpg 1024w, https:\/\/landrichomes.com\/wp-content\/uploads\/2023\/06\/Communautes-02-763x600.jpg 763w, https:\/\/landrichomes.com\/wp-content\/uploads\/2023\/06\/Communautes-02.jpg 1200w\" sizes=\"(max-width: 768px) 100vw, 768px\" \/><\/div>\n\t\t<\/a>\n\t\t\t\t<div class=\"elementor-post__text\">\n\t\t\t\t<h3 class=\"elementor-post__title\">\n\t\t\t<a href=\"https:\/\/landrichomes.com\/fr\/community\/beaumont\/\" >\n\t\t\t\tBeaumont\t\t\t<\/a>\n\t\t<\/h3>\n\t\t\t\t<\/div>\n\t\t\t\t<\/article>\n\t\t\t\t<article class=\"elementor-post elementor-grid-item post-5742 community type-community status-publish has-post-thumbnail hentry\" role=\"listitem\">\n\t\t\t\t<a class=\"elementor-post__thumbnail__link\" href=\"https:\/\/landrichomes.com\/fr\/community\/willow-springs\/\" tabindex=\"-1\" >\n\t\t\t<div class=\"elementor-post__thumbnail\"><img decoding=\"async\" width=\"768\" height=\"604\" src=\"https:\/\/landrichomes.com\/wp-content\/uploads\/2023\/06\/Communautes-01-768x604.jpg\" class=\"attachment-medium_large size-medium_large wp-image-6230\" alt=\"\" srcset=\"https:\/\/landrichomes.com\/wp-content\/uploads\/2023\/06\/Communautes-01-768x604.jpg 768w, https:\/\/landrichomes.com\/wp-content\/uploads\/2023\/06\/Communautes-01-300x236.jpg 300w, https:\/\/landrichomes.com\/wp-content\/uploads\/2023\/06\/Communautes-01-1024x806.jpg 1024w, https:\/\/landrichomes.com\/wp-content\/uploads\/2023\/06\/Communautes-01-763x600.jpg 763w, https:\/\/landrichomes.com\/wp-content\/uploads\/2023\/06\/Communautes-01.jpg 1200w\" sizes=\"(max-width: 768px) 100vw, 768px\" \/><\/div>\n\t\t<\/a>\n\t\t\t\t<div class=\"elementor-post__text\">\n\t\t\t\t<h3 class=\"elementor-post__title\">\n\t\t\t<a href=\"https:\/\/landrichomes.com\/fr\/community\/willow-springs\/\" >\n\t\t\t\tWillow Springs\t\t\t<\/a>\n\t\t<\/h3>\n\t\t\t\t<\/div>\n\t\t\t\t<\/article>\n\t\t\t\t<\/div>\n\t\t\n\t\t\t\t\t\t<\/div>\n\t\t\t\t<\/div>\n\t\t\t\t\t<\/div>\n\t\t<\/div>\n\t\t\t\t\t<\/div>\n\t\t<\/section>\n\t\t\t\t<section class=\"elementor-section elementor-top-section elementor-element elementor-element-fcf1e8a elementor-section-boxed elementor-section-height-default elementor-section-height-default\" data-id=\"fcf1e8a\" data-element_type=\"section\" data-e-type=\"section\" data-settings=\"{&quot;background_background&quot;:&quot;classic&quot;}\">\n\t\t\t\t\t\t\t<div class=\"elementor-background-overlay\"><\/div>\n\t\t\t\t\t\t\t<div class=\"elementor-container elementor-column-gap-no\">\n\t\t\t\t\t<div class=\"elementor-column elementor-col-100 elementor-top-column elementor-element elementor-element-14f95bd\" data-id=\"14f95bd\" data-element_type=\"column\" data-e-type=\"column\">\n\t\t\t<div class=\"elementor-widget-wrap elementor-element-populated\">\n\t\t\t\t\t\t<div class=\"elementor-element elementor-element-93c90ce elementor-widget elementor-widget-heading\" data-id=\"93c90ce\" data-element_type=\"widget\" data-e-type=\"widget\" data-widget_type=\"heading.default\">\n\t\t\t\t<div class=\"elementor-widget-container\">\n\t\t\t\t\t<h3 class=\"elementor-heading-title elementor-size-default\">Prenez rendez-vous en tout temps avec notre \u00e9quipe de conseillers en habitation!<\/h3>\t\t\t\t<\/div>\n\t\t\t\t<\/div>\n\t\t\t\t<div class=\"elementor-element elementor-element-6a5ad38 elementor-widget elementor-widget-text-editor\" data-id=\"6a5ad38\" data-element_type=\"widget\" data-e-type=\"widget\" data-widget_type=\"text-editor.default\">\n\t\t\t\t<div class=\"elementor-widget-container\">\n\t\t\t\t\t\t\t\t\t<p>Notre \u00e9quipe de vente d\u00e9vou\u00e9e est \u00e0 votre disposition au <a href=\"tel:(613) 216-3413\">(613) 216-3413<\/a>, pr\u00eate \u00e0 r\u00e9pondre \u00e0 toutes vos questions, \u00e0 vous guider ou \u00e0 vous renseigner sur nos communaut\u00e9s. C&rsquo;est ici que commence votre aventure pour trouver la maison de vos r\u00eaves!<\/p>\t\t\t\t\t\t\t\t<\/div>\n\t\t\t\t<\/div>\n\t\t\t\t\t<\/div>\n\t\t<\/div>\n\t\t\t\t\t<\/div>\n\t\t<\/section>\n\t\t\t\t<\/div>\n\t\t","protected":false},"excerpt":{"rendered":"<p>D\u00e9couvrez nos communaut\u00e9s dynamiques Nous sommes tr\u00e8s fiers de pr\u00e9senter nos quartiers r\u00e9sidentiels actuels et futurs, nich\u00e9s au c\u0153ur de la pittoresque r\u00e9gion d\u2019Ottawa. Chaque<\/p>\n","protected":false},"author":6,"featured_media":0,"parent":0,"menu_order":0,"comment_status":"closed","ping_status":"closed","template":"","meta":{"_acf_changed":false,"site-sidebar-layout":"no-sidebar","site-content-layout":"","ast-site-content-layout":"full-width-container","site-content-style":"default","site-sidebar-style":"default","ast-global-header-display":"","ast-banner-title-visibility":"","ast-main-header-display":"","ast-hfb-above-header-display":"","ast-hfb-below-header-display":"","ast-hfb-mobile-header-display":"","site-post-title":"disabled","ast-breadcrumbs-content":"","ast-featured-img":"disabled","footer-sml-layout":"","ast-disable-related-posts":"","theme-transparent-header-meta":"default","adv-header-id-meta":"","stick-header-meta":"default","header-above-stick-meta":"","header-main-stick-meta":"","header-below-stick-meta":"","astra-migrate-meta-layouts":"set","ast-page-background-enabled":"default","ast-page-background-meta":{"desktop":{"background-color":"var(--ast-global-color-4)","background-image":"","background-repeat":"repeat","background-position":"center center","background-size":"auto","background-attachment":"scroll","background-type":"","background-media":"","overlay-type":"","overlay-color":"","overlay-opacity":"","overlay-gradient":""},"tablet":{"background-color":"","background-image":"","background-repeat":"repeat","background-position":"center center","background-size":"auto","background-attachment":"scroll","background-type":"","background-media":"","overlay-type":"","overlay-color":"","overlay-opacity":"","overlay-gradient":""},"mobile":{"background-color":"","background-image":"","background-repeat":"repeat","background-position":"center center","background-size":"auto","background-attachment":"scroll","background-type":"","background-media":"","overlay-type":"","overlay-color":"","overlay-opacity":"","overlay-gradient":""}},"ast-content-background-meta":{"desktop":{"background-color":"var(--ast-global-color-5)","background-image":"","background-repeat":"repeat","background-position":"center center","background-size":"auto","background-attachment":"scroll","background-type":"","background-media":"","overlay-type":"","overlay-color":"","overlay-opacity":"","overlay-gradient":""},"tablet":{"background-color":"var(--ast-global-color-5)","background-image":"","background-repeat":"repeat","background-position":"center center","background-size":"auto","background-attachment":"scroll","background-type":"","background-media":"","overlay-type":"","overlay-color":"","overlay-opacity":"","overlay-gradient":""},"mobile":{"background-color":"var(--ast-global-color-5)","background-image":"","background-repeat":"repeat","background-position":"center center","background-size":"auto","background-attachment":"scroll","background-type":"","background-media":"","overlay-type":"","overlay-color":"","overlay-opacity":"","overlay-gradient":""}},"footnotes":""},"class_list":["post-6116","page","type-page","status-publish","hentry"],"acf":[],"yoast_head":"<!-- This site is optimized with the Yoast SEO Premium plugin v27.2 (Yoast SEO v27.2) - https:\/\/yoast.com\/product\/yoast-seo-premium-wordpress\/ -->\n<title>Communaut\u00e9s | Landric Homes<\/title>\n<meta name=\"robots\" content=\"index, follow, max-snippet:-1, max-image-preview:large, max-video-preview:-1\" \/>\n<link rel=\"canonical\" href=\"https:\/\/landrichomes.com\/fr\/communautes\/\" \/>\n<meta property=\"og:locale\" content=\"fr_FR\" \/>\n<meta property=\"og:type\" content=\"article\" \/>\n<meta property=\"og:title\" content=\"Communaut\u00e9s\" \/>\n<meta property=\"og:description\" content=\"D\u00e9couvrez nos communaut\u00e9s dynamiques Nous sommes tr\u00e8s fiers de pr\u00e9senter nos quartiers r\u00e9sidentiels actuels et futurs, nich\u00e9s au c\u0153ur de la pittoresque r\u00e9gion d\u2019Ottawa. Chaque\" \/>\n<meta property=\"og:url\" content=\"https:\/\/landrichomes.com\/fr\/communautes\/\" \/>\n<meta property=\"og:site_name\" content=\"Landric Homes\" \/>\n<meta property=\"article:modified_time\" content=\"2023-12-28T00:50:30+00:00\" \/>\n<meta name=\"twitter:card\" content=\"summary_large_image\" \/>\n<meta name=\"twitter:label1\" content=\"Dur\u00e9e de lecture estim\u00e9e\" \/>\n\t<meta name=\"twitter:data1\" content=\"2 minutes\" \/>\n<script type=\"application\/ld+json\" class=\"yoast-schema-graph\">{\"@context\":\"https:\/\/schema.org\",\"@graph\":[{\"@type\":\"WebPage\",\"@id\":\"https:\/\/landrichomes.com\/fr\/communautes\/\",\"url\":\"https:\/\/landrichomes.com\/fr\/communautes\/\",\"name\":\"Communaut\u00e9s | Landric Homes\",\"isPartOf\":{\"@id\":\"https:\/\/landrichomes.com\/fr\/#website\"},\"datePublished\":\"2023-12-27T16:36:58+00:00\",\"dateModified\":\"2023-12-28T00:50:30+00:00\",\"breadcrumb\":{\"@id\":\"https:\/\/landrichomes.com\/fr\/communautes\/#breadcrumb\"},\"inLanguage\":\"fr-FR\",\"potentialAction\":[{\"@type\":\"ReadAction\",\"target\":[\"https:\/\/landrichomes.com\/fr\/communautes\/\"]}]},{\"@type\":\"BreadcrumbList\",\"@id\":\"https:\/\/landrichomes.com\/fr\/communautes\/#breadcrumb\",\"itemListElement\":[{\"@type\":\"ListItem\",\"position\":1,\"name\":\"Home\",\"item\":\"https:\/\/landrichomes.com\/fr\/\"},{\"@type\":\"ListItem\",\"position\":2,\"name\":\"Communaut\u00e9s\"}]},{\"@type\":\"WebSite\",\"@id\":\"https:\/\/landrichomes.com\/fr\/#website\",\"url\":\"https:\/\/landrichomes.com\/fr\/\",\"name\":\"Landric Homes\",\"description\":\"Gatineau, Qu\u00e9bec\",\"publisher\":{\"@id\":\"https:\/\/landrichomes.com\/fr\/#organization\"},\"potentialAction\":[{\"@type\":\"SearchAction\",\"target\":{\"@type\":\"EntryPoint\",\"urlTemplate\":\"https:\/\/landrichomes.com\/fr\/?s={search_term_string}\"},\"query-input\":{\"@type\":\"PropertyValueSpecification\",\"valueRequired\":true,\"valueName\":\"search_term_string\"}}],\"inLanguage\":\"fr-FR\"},{\"@type\":[\"Organization\",\"Place\",\"HomeAndConstructionBusiness\"],\"@id\":\"https:\/\/landrichomes.com\/fr\/#organization\",\"name\":\"Construction LaV\u00e9rendrye\",\"url\":\"https:\/\/landrichomes.com\/fr\/\",\"logo\":{\"@id\":\"https:\/\/landrichomes.com\/fr\/communautes\/#local-main-organization-logo\"},\"image\":{\"@id\":\"https:\/\/landrichomes.com\/fr\/communautes\/#local-main-organization-logo\"},\"address\":{\"@id\":\"https:\/\/landrichomes.com\/fr\/communautes\/#local-main-place-address\"},\"telephone\":[\"(819) 663-0003\"],\"openingHoursSpecification\":[{\"@type\":\"OpeningHoursSpecification\",\"dayOfWeek\":[\"Monday\",\"Tuesday\",\"Wednesday\",\"Thursday\"],\"opens\":\"08:00\",\"closes\":\"19:30\"},{\"@type\":\"OpeningHoursSpecification\",\"dayOfWeek\":[\"Friday\"],\"opens\":\"08:00\",\"closes\":\"17:00\"},{\"@type\":\"OpeningHoursSpecification\",\"dayOfWeek\":[\"Saturday\",\"Sunday\"],\"opens\":\"11:00\",\"closes\":\"17:00\"}],\"email\":\"info@landrichomes.com\"},{\"@type\":\"PostalAddress\",\"@id\":\"https:\/\/landrichomes.com\/fr\/communautes\/#local-main-place-address\",\"streetAddress\":\"63, chemin de Montr\u00e9al E\",\"addressLocality\":\"Gatineau\",\"postalCode\":\"J8M 1K3\",\"addressRegion\":\"Qu\u00e9bec\",\"addressCountry\":\"CA\"},{\"@type\":\"ImageObject\",\"inLanguage\":\"fr-FR\",\"@id\":\"https:\/\/landrichomes.com\/fr\/communautes\/#local-main-organization-logo\",\"url\":\"https:\/\/landrichomes.com\/wp-content\/uploads\/2020\/05\/logo-20ans-opt.png\",\"contentUrl\":\"https:\/\/landrichomes.com\/wp-content\/uploads\/2020\/05\/logo-20ans-opt.png\",\"width\":192,\"height\":77,\"caption\":\"Construction LaV\u00e9rendrye\"}]}<\/script>\n<meta name=\"geo.placename\" content=\"Gatineau\" \/>\n<meta name=\"geo.region\" content=\"Canada\" \/>\n<!-- \/ Yoast SEO Premium plugin. -->","yoast_head_json":{"title":"Communaut\u00e9s | Landric Homes","robots":{"index":"index","follow":"follow","max-snippet":"max-snippet:-1","max-image-preview":"max-image-preview:large","max-video-preview":"max-video-preview:-1"},"canonical":"https:\/\/landrichomes.com\/fr\/communautes\/","og_locale":"fr_FR","og_type":"article","og_title":"Communaut\u00e9s","og_description":"D\u00e9couvrez nos communaut\u00e9s dynamiques Nous sommes tr\u00e8s fiers de pr\u00e9senter nos quartiers r\u00e9sidentiels actuels et futurs, nich\u00e9s au c\u0153ur de la pittoresque r\u00e9gion d\u2019Ottawa. Chaque","og_url":"https:\/\/landrichomes.com\/fr\/communautes\/","og_site_name":"Landric Homes","article_modified_time":"2023-12-28T00:50:30+00:00","twitter_card":"summary_large_image","twitter_misc":{"Dur\u00e9e de lecture estim\u00e9e":"2 minutes"},"schema":{"@context":"https:\/\/schema.org","@graph":[{"@type":"WebPage","@id":"https:\/\/landrichomes.com\/fr\/communautes\/","url":"https:\/\/landrichomes.com\/fr\/communautes\/","name":"Communaut\u00e9s | Landric Homes","isPartOf":{"@id":"https:\/\/landrichomes.com\/fr\/#website"},"datePublished":"2023-12-27T16:36:58+00:00","dateModified":"2023-12-28T00:50:30+00:00","breadcrumb":{"@id":"https:\/\/landrichomes.com\/fr\/communautes\/#breadcrumb"},"inLanguage":"fr-FR","potentialAction":[{"@type":"ReadAction","target":["https:\/\/landrichomes.com\/fr\/communautes\/"]}]},{"@type":"BreadcrumbList","@id":"https:\/\/landrichomes.com\/fr\/communautes\/#breadcrumb","itemListElement":[{"@type":"ListItem","position":1,"name":"Home","item":"https:\/\/landrichomes.com\/fr\/"},{"@type":"ListItem","position":2,"name":"Communaut\u00e9s"}]},{"@type":"WebSite","@id":"https:\/\/landrichomes.com\/fr\/#website","url":"https:\/\/landrichomes.com\/fr\/","name":"Landric Homes","description":"Gatineau, Qu\u00e9bec","publisher":{"@id":"https:\/\/landrichomes.com\/fr\/#organization"},"potentialAction":[{"@type":"SearchAction","target":{"@type":"EntryPoint","urlTemplate":"https:\/\/landrichomes.com\/fr\/?s={search_term_string}"},"query-input":{"@type":"PropertyValueSpecification","valueRequired":true,"valueName":"search_term_string"}}],"inLanguage":"fr-FR"},{"@type":["Organization","Place","HomeAndConstructionBusiness"],"@id":"https:\/\/landrichomes.com\/fr\/#organization","name":"Construction LaV\u00e9rendrye","url":"https:\/\/landrichomes.com\/fr\/","logo":{"@id":"https:\/\/landrichomes.com\/fr\/communautes\/#local-main-organization-logo"},"image":{"@id":"https:\/\/landrichomes.com\/fr\/communautes\/#local-main-organization-logo"},"address":{"@id":"https:\/\/landrichomes.com\/fr\/communautes\/#local-main-place-address"},"telephone":["(819) 663-0003"],"openingHoursSpecification":[{"@type":"OpeningHoursSpecification","dayOfWeek":["Monday","Tuesday","Wednesday","Thursday"],"opens":"08:00","closes":"19:30"},{"@type":"OpeningHoursSpecification","dayOfWeek":["Friday"],"opens":"08:00","closes":"17:00"},{"@type":"OpeningHoursSpecification","dayOfWeek":["Saturday","Sunday"],"opens":"11:00","closes":"17:00"}],"email":"info@landrichomes.com"},{"@type":"PostalAddress","@id":"https:\/\/landrichomes.com\/fr\/communautes\/#local-main-place-address","streetAddress":"63, chemin de Montr\u00e9al E","addressLocality":"Gatineau","postalCode":"J8M 1K3","addressRegion":"Qu\u00e9bec","addressCountry":"CA"},{"@type":"ImageObject","inLanguage":"fr-FR","@id":"https:\/\/landrichomes.com\/fr\/communautes\/#local-main-organization-logo","url":"https:\/\/landrichomes.com\/wp-content\/uploads\/2020\/05\/logo-20ans-opt.png","contentUrl":"https:\/\/landrichomes.com\/wp-content\/uploads\/2020\/05\/logo-20ans-opt.png","width":192,"height":77,"caption":"Construction LaV\u00e9rendrye"}]},"geo.placename":"Gatineau","geo.region":"Canada"},"_links":{"self":[{"href":"https:\/\/landrichomes.com\/fr\/wp-json\/wp\/v2\/pages\/6116","targetHints":{"allow":["GET"]}}],"collection":[{"href":"https:\/\/landrichomes.com\/fr\/wp-json\/wp\/v2\/pages"}],"about":[{"href":"https:\/\/landrichomes.com\/fr\/wp-json\/wp\/v2\/types\/page"}],"author":[{"embeddable":true,"href":"https:\/\/landrichomes.com\/fr\/wp-json\/wp\/v2\/users\/6"}],"replies":[{"embeddable":true,"href":"https:\/\/landrichomes.com\/fr\/wp-json\/wp\/v2\/comments?post=6116"}],"version-history":[{"count":0,"href":"https:\/\/landrichomes.com\/fr\/wp-json\/wp\/v2\/pages\/6116\/revisions"}],"wp:attachment":[{"href":"https:\/\/landrichomes.com\/fr\/wp-json\/wp\/v2\/media?parent=6116"}],"curies":[{"name":"wp","href":"https:\/\/api.w.org\/{rel}","templated":true}]}}