{"id":6777,"date":"2025-02-13T06:37:03","date_gmt":"2025-02-13T11:37:03","guid":{"rendered":"https:\/\/landrichomes.com\/?page_id=6777"},"modified":"2025-02-13T06:49:21","modified_gmt":"2025-02-13T11:49:21","slug":"politique-de-confidentialite","status":"publish","type":"page","link":"https:\/\/landrichomes.com\/fr\/politique-de-confidentialite\/","title":{"rendered":"Politique de confidentialit\u00e9"},"content":{"rendered":"\t\t<div data-elementor-type=\"wp-page\" data-elementor-id=\"6777\" class=\"elementor elementor-6777 elementor-6774\" data-elementor-post-type=\"page\">\n\t\t\t\t\t\t<section class=\"elementor-section elementor-top-section elementor-element elementor-element-c725bf4 elementor-section-boxed elementor-section-height-default elementor-section-height-default\" data-id=\"c725bf4\" data-element_type=\"section\" data-e-type=\"section\" data-settings=\"{&quot;background_background&quot;:&quot;classic&quot;}\">\n\t\t\t\t\t\t<div class=\"elementor-container elementor-column-gap-default\">\n\t\t\t\t\t<div class=\"elementor-column elementor-col-100 elementor-top-column elementor-element elementor-element-a044483\" data-id=\"a044483\" data-element_type=\"column\" data-e-type=\"column\">\n\t\t\t<div class=\"elementor-widget-wrap\">\n\t\t\t\t\t\t\t<\/div>\n\t\t<\/div>\n\t\t\t\t\t<\/div>\n\t\t<\/section>\n\t\t\t\t<section class=\"elementor-section elementor-top-section elementor-element elementor-element-1f80f7c elementor-section-boxed elementor-section-height-default elementor-section-height-default\" data-id=\"1f80f7c\" data-element_type=\"section\" data-e-type=\"section\">\n\t\t\t\t\t\t<div class=\"elementor-container elementor-column-gap-default\">\n\t\t\t\t\t<div class=\"elementor-column elementor-col-100 elementor-top-column elementor-element elementor-element-8c01a9e\" data-id=\"8c01a9e\" data-element_type=\"column\" data-e-type=\"column\">\n\t\t\t<div class=\"elementor-widget-wrap elementor-element-populated\">\n\t\t\t\t\t\t<div class=\"elementor-element elementor-element-42c9ba9 elementor-widget elementor-widget-heading\" data-id=\"42c9ba9\" data-element_type=\"widget\" data-e-type=\"widget\" data-widget_type=\"heading.default\">\n\t\t\t\t<div class=\"elementor-widget-container\">\n\t\t\t\t\t<h2 class=\"elementor-heading-title elementor-size-default\">Politique de confidentialit\u00e9<\/h2>\t\t\t\t<\/div>\n\t\t\t\t<\/div>\n\t\t\t\t<div class=\"elementor-element elementor-element-6fcf424 elementor-widget-divider--view-line elementor-widget elementor-widget-divider\" data-id=\"6fcf424\" data-element_type=\"widget\" data-e-type=\"widget\" data-widget_type=\"divider.default\">\n\t\t\t\t<div class=\"elementor-widget-container\">\n\t\t\t\t\t\t\t<div class=\"elementor-divider\">\n\t\t\t<span class=\"elementor-divider-separator\">\n\t\t\t\t\t\t<\/span>\n\t\t<\/div>\n\t\t\t\t\t\t<\/div>\n\t\t\t\t<\/div>\n\t\t\t\t<div class=\"elementor-element elementor-element-b0c441f elementor-widget elementor-widget-text-editor\" data-id=\"b0c441f\" data-element_type=\"widget\" data-e-type=\"widget\" data-widget_type=\"text-editor.default\">\n\t\t\t\t<div class=\"elementor-widget-container\">\n\t\t\t\t\t\t\t\t\t<div><strong>Introduction<\/strong><\/div>\n<div>Devant le d\u00e9veloppement des nouveaux outils de communication, il est n\u00e9cessaire de porter une attention particuli\u00e8re \u00e0 la protection de la vie priv\u00e9e. C\u2019est pourquoi, nous nous engageons \u00e0 respecter la confidentialit\u00e9 des renseignements personnels que nous collectons.<\/div>\n<h5><\/h5>\n<h5><strong>Collecte des renseignements personnels<\/strong><\/h5>\n<div>\n<ul>\n<li>Pr\u00e9nom<\/li>\n<li>Adresse postale<\/li>\n<li>Code postal<\/li>\n<li>Adresse \u00e9lectronique<\/li>\n<li>Num\u00e9ro de t\u00e9l\u00e9phone \/ t\u00e9l\u00e9copieur<\/li>\n<\/ul>\n<\/div>\n<div>Les renseignements personnels que nous collectons sont recueillis au travers de formulaires et gr\u00e2ce \u00e0 l\u2019interactivit\u00e9 \u00e9tablie entre vous et notre site Web. Nous utilisons \u00e9galement, comme indiqu\u00e9 dans la section suivante, des fichiers t\u00e9moins et\/ou journaux pour r\u00e9unir des informations vous concernant.<br><br><\/div>\n<div><\/div>\n<h5><strong>Formulaires&nbsp;et interactivit\u00e9:<\/strong><\/h5>\n<div>Vos renseignements personnels sont collect\u00e9s par le biais de formulaire, \u00e0 savoir :<\/div>\n<div>\n<ul>\n<li>Formulaire d&rsquo;inscription au site Web<\/li>\n<li>Formulaire de commande<\/li>\n<\/ul>\n<\/div>\n<div>Nous utilisons les renseignements ainsi collect\u00e9s pour les finalit\u00e9s suivantes :<\/div>\n<div>\n<ul>\n<li>Suivi de la commande<\/li>\n<li>Informations \/ Offres promotionnelles<\/li>\n<li>Statistiques<\/li>\n<li>Contact<\/li>\n<\/ul>\n<\/div>\n<div>Vos renseignements sont \u00e9galement collect\u00e9s par le biais de l\u2019interactivit\u00e9 pouvant s\u2019\u00e9tablir entre vous et notre site Web et ce, de la fa\u00e7on suivante:<\/div>\n<div>\n<ul>\n<li>Correspondance<\/li>\n<\/ul>\n<\/div>\n<div>Nous utilisons les renseignements ainsi collect\u00e9s pour les finalit\u00e9s suivantes :<\/div>\n<div>\n<ul>\n<li>Informations ou pour des offres promotionnelles<\/li>\n<li>Statistiques<\/li>\n<li>Contact<\/li>\n<\/ul>\n<\/div>\n<h5><strong><br><\/strong><\/h5>\n<h5><strong>Droit d\u2019opposition et de retrait<\/strong><\/h5>\n<div>Nous nous engageons \u00e0 vous offrir un droit d\u2019opposition et de retrait quant \u00e0 vos renseignements personnels.<\/div>\n<div>Le droit d\u2019opposition s\u2019entend comme \u00e9tant la possiblit\u00e9 offerte aux internautes de refuser que leurs renseignements personnels soient utilis\u00e9es \u00e0 certaines fins mentionn\u00e9es lors de la collecte.<\/div>\n<div><\/div>\n<div>Le droit de retrait s\u2019entend comme \u00e9tant la possiblit\u00e9 offerte aux internautes de demander \u00e0 ce que leurs renseignements personnels ne figurent plus, par exemple, dans une liste de diffusion.<\/div>\n<div><\/div>\n<div><strong><br><\/strong><\/div>\n<div><strong>Pour pouvoir exercer ces droits, vous pouvez :<\/strong><\/div>\n<div><\/div>\n<div>Nom : Nadine Miron, directrice des affaires corporatives<\/div>\n<div>Adresse : 63 Chemin Montr\u00e9al Est,<br>Gatineau, Qu\u00e9bec J8M 1K3<\/div>\n<div>Courriel : nmiron@lavlan.com<\/div>\n<div>T\u00e9l\u00e9phone :&nbsp; 819.663.0003<\/div>\n<div>Section du site web :&nbsp;&nbsp; https:\/\/landrichomes.com\/fr\/nous-joindre\/<\/div>\n<div><\/div>\n<h5><strong><br><\/strong><\/h5>\n<h5><strong>Droit d\u2019acc\u00e8s<\/strong><\/h5>\n<div>Nous nous engageons \u00e0 reconna\u00eetre un droit d\u2019acc\u00e8s et de rectification aux personnes concern\u00e9es d\u00e9sireuses de consulter, modifier, voire radier les informations les concernant.<\/div>\n<div><\/div>\n<div><strong><br><\/strong><\/div>\n<div><strong>L<\/strong><strong>\u2019exercice de ce droit se fera :<\/strong><\/div>\n<div><\/div>\n<div>Nom : Nadine Miron, directrice des affaires corporatives<\/div>\n<div>Adresse : 63 Chemin Montr\u00e9al Est,<br>Gatineau, Qu\u00e9bec J8M 1K3<\/div>\n<div>Courriel : nmiron@lavlan.com<\/div>\n<div>T\u00e9l\u00e9phone :&nbsp; 819.663.0003<\/div>\n<div>Section du site web :&nbsp;&nbsp; https:\/\/landrichomes.com\/fr\/nous-joindre\/<\/div>\n<div><\/div>\n<h5><strong><br><\/strong><\/h5>\n<h5><strong>S\u00e9curit\u00e9<\/strong><\/h5>\n<div>Les renseignements personnels que nous collectons sont conserv\u00e9s dans un environnement s\u00e9curis\u00e9. Les personnes travaillant pour nous sont tenues de respecter la confidentialit\u00e9 de vos informations.<\/div>\n<div><\/div>\n<div>Pour assurer la s\u00e9curit\u00e9 de vos renseignements personnels, nous avons recours aux mesures suivantes :<\/div>\n<div>\n<ul>\n<li>Protocole SSL<\/li>\n<li>Protocole SET<\/li>\n<li>Gestion des acc\u00e8s &#8211; personne autoris\u00e9e<\/li>\n<li>Gestion des acc\u00e8s &#8211; personne concern\u00e9e<\/li>\n<li>Logiciel de surveillance du r\u00e9seau<\/li>\n<li>Sauvegarde informatique<\/li>\n<li>Identifiant \/ mot de passe<\/li>\n<li>Pare-feu<\/li>\n<\/ul>\n<\/div>\n<div>Nous nous engageons \u00e0 maintenir un haut degr\u00e9 de confidentialit\u00e9 en int\u00e9grant les derni\u00e8res innovations technologiques permettant d\u2019assurer la confidentialit\u00e9 de vos transactions. Toutefois, comme aucun m\u00e9canisme n\u2019offre une s\u00e9curit\u00e9 maximale, une part de risque est toujours pr\u00e9sente lorsque l\u2019on utilise Internet pour transmettre des renseignements personnels.<\/div>\n<div><\/div>\n<h5><strong><br><\/strong><\/h5>\n<h5><strong>L\u00e9gislation<\/strong><\/h5>\n<div>Nous nous engageons \u00e0 respecter les dispositions l\u00e9gislatives \u00e9nonc\u00e9es dans :<\/div>\n<div><\/div>\n<div>L\u00e9gislation: Loi 25 ou Loi modernisant des dispositions l\u00e9gislatives en mati\u00e8re de protection des renseignements personnels<\/div>\t\t\t\t\t\t\t\t<\/div>\n\t\t\t\t<\/div>\n\t\t\t\t\t<\/div>\n\t\t<\/div>\n\t\t\t\t\t<\/div>\n\t\t<\/section>\n\t\t\t\t<\/div>\n\t\t","protected":false},"excerpt":{"rendered":"<p>Politique de confidentialit\u00e9 Introduction Devant le d\u00e9veloppement des nouveaux outils de communication, il est n\u00e9cessaire de porter une attention particuli\u00e8re \u00e0 la protection de la vie priv\u00e9e. C\u2019est pourquoi, nous nous engageons \u00e0 respecter la confidentialit\u00e9 des renseignements personnels que nous collectons. Collecte des renseignements personnels Pr\u00e9nom Adresse postale Code postal Adresse \u00e9lectronique Num\u00e9ro de [&hellip;]<\/p>\n","protected":false},"author":3,"featured_media":0,"parent":0,"menu_order":0,"comment_status":"closed","ping_status":"closed","template":"","meta":{"_acf_changed":false,"site-sidebar-layout":"no-sidebar","site-content-layout":"","ast-site-content-layout":"full-width-container","site-content-style":"default","site-sidebar-style":"default","ast-global-header-display":"","ast-banner-title-visibility":"","ast-main-header-display":"","ast-hfb-above-header-display":"","ast-hfb-below-header-display":"","ast-hfb-mobile-header-display":"","site-post-title":"disabled","ast-breadcrumbs-content":"","ast-featured-img":"disabled","footer-sml-layout":"","ast-disable-related-posts":"","theme-transparent-header-meta":"default","adv-header-id-meta":"","stick-header-meta":"default","header-above-stick-meta":"","header-main-stick-meta":"","header-below-stick-meta":"","astra-migrate-meta-layouts":"set","ast-page-background-enabled":"default","ast-page-background-meta":{"desktop":{"background-color":"var(--ast-global-color-4)","background-image":"","background-repeat":"repeat","background-position":"center center","background-size":"auto","background-attachment":"scroll","background-type":"","background-media":"","overlay-type":"","overlay-color":"","overlay-opacity":"","overlay-gradient":""},"tablet":{"background-color":"","background-image":"","background-repeat":"repeat","background-position":"center center","background-size":"auto","background-attachment":"scroll","background-type":"","background-media":"","overlay-type":"","overlay-color":"","overlay-opacity":"","overlay-gradient":""},"mobile":{"background-color":"","background-image":"","background-repeat":"repeat","background-position":"center center","background-size":"auto","background-attachment":"scroll","background-type":"","background-media":"","overlay-type":"","overlay-color":"","overlay-opacity":"","overlay-gradient":""}},"ast-content-background-meta":{"desktop":{"background-color":"var(--ast-global-color-5)","background-image":"","background-repeat":"repeat","background-position":"center center","background-size":"auto","background-attachment":"scroll","background-type":"","background-media":"","overlay-type":"","overlay-color":"","overlay-opacity":"","overlay-gradient":""},"tablet":{"background-color":"var(--ast-global-color-5)","background-image":"","background-repeat":"repeat","background-position":"center center","background-size":"auto","background-attachment":"scroll","background-type":"","background-media":"","overlay-type":"","overlay-color":"","overlay-opacity":"","overlay-gradient":""},"mobile":{"background-color":"var(--ast-global-color-5)","background-image":"","background-repeat":"repeat","background-position":"center center","background-size":"auto","background-attachment":"scroll","background-type":"","background-media":"","overlay-type":"","overlay-color":"","overlay-opacity":"","overlay-gradient":""}},"footnotes":""},"class_list":["post-6777","page","type-page","status-publish","hentry"],"acf":[],"yoast_head":"<!-- This site is optimized with the Yoast SEO Premium plugin v27.2 (Yoast SEO v27.2) - https:\/\/yoast.com\/product\/yoast-seo-premium-wordpress\/ -->\n<title>Politique de confidentialit\u00e9 | Landric Homes<\/title>\n<meta name=\"robots\" content=\"index, follow, max-snippet:-1, max-image-preview:large, max-video-preview:-1\" \/>\n<link rel=\"canonical\" href=\"https:\/\/landrichomes.com\/fr\/politique-de-confidentialite\/\" \/>\n<meta property=\"og:locale\" content=\"fr_FR\" \/>\n<meta property=\"og:type\" content=\"article\" \/>\n<meta property=\"og:title\" content=\"Politique de confidentialit\u00e9\" \/>\n<meta property=\"og:description\" content=\"Politique de confidentialit\u00e9 Introduction Devant le d\u00e9veloppement des nouveaux outils de communication, il est n\u00e9cessaire de porter une attention particuli\u00e8re \u00e0 la protection de la vie priv\u00e9e. C\u2019est pourquoi, nous nous engageons \u00e0 respecter la confidentialit\u00e9 des renseignements personnels que nous collectons. Collecte des renseignements personnels Pr\u00e9nom Adresse postale Code postal Adresse \u00e9lectronique Num\u00e9ro de [&hellip;]\" \/>\n<meta property=\"og:url\" content=\"https:\/\/landrichomes.com\/fr\/politique-de-confidentialite\/\" \/>\n<meta property=\"og:site_name\" content=\"Landric Homes\" \/>\n<meta property=\"article:modified_time\" content=\"2025-02-13T11:49:21+00:00\" \/>\n<meta name=\"twitter:card\" content=\"summary_large_image\" \/>\n<meta name=\"twitter:label1\" content=\"Dur\u00e9e de lecture estim\u00e9e\" \/>\n\t<meta name=\"twitter:data1\" content=\"3 minutes\" \/>\n<script type=\"application\/ld+json\" class=\"yoast-schema-graph\">{\"@context\":\"https:\/\/schema.org\",\"@graph\":[{\"@type\":\"WebPage\",\"@id\":\"https:\/\/landrichomes.com\/fr\/politique-de-confidentialite\/\",\"url\":\"https:\/\/landrichomes.com\/fr\/politique-de-confidentialite\/\",\"name\":\"Politique de confidentialit\u00e9 | Landric Homes\",\"isPartOf\":{\"@id\":\"https:\/\/landrichomes.com\/fr\/#website\"},\"datePublished\":\"2025-02-13T11:37:03+00:00\",\"dateModified\":\"2025-02-13T11:49:21+00:00\",\"breadcrumb\":{\"@id\":\"https:\/\/landrichomes.com\/fr\/politique-de-confidentialite\/#breadcrumb\"},\"inLanguage\":\"fr-FR\",\"potentialAction\":[{\"@type\":\"ReadAction\",\"target\":[\"https:\/\/landrichomes.com\/fr\/politique-de-confidentialite\/\"]}]},{\"@type\":\"BreadcrumbList\",\"@id\":\"https:\/\/landrichomes.com\/fr\/politique-de-confidentialite\/#breadcrumb\",\"itemListElement\":[{\"@type\":\"ListItem\",\"position\":1,\"name\":\"Home\",\"item\":\"https:\/\/landrichomes.com\/fr\/\"},{\"@type\":\"ListItem\",\"position\":2,\"name\":\"Politique de confidentialit\u00e9\"}]},{\"@type\":\"WebSite\",\"@id\":\"https:\/\/landrichomes.com\/fr\/#website\",\"url\":\"https:\/\/landrichomes.com\/fr\/\",\"name\":\"Landric Homes\",\"description\":\"Gatineau, Qu\u00e9bec\",\"publisher\":{\"@id\":\"https:\/\/landrichomes.com\/fr\/#organization\"},\"potentialAction\":[{\"@type\":\"SearchAction\",\"target\":{\"@type\":\"EntryPoint\",\"urlTemplate\":\"https:\/\/landrichomes.com\/fr\/?s={search_term_string}\"},\"query-input\":{\"@type\":\"PropertyValueSpecification\",\"valueRequired\":true,\"valueName\":\"search_term_string\"}}],\"inLanguage\":\"fr-FR\"},{\"@type\":[\"Organization\",\"Place\",\"HomeAndConstructionBusiness\"],\"@id\":\"https:\/\/landrichomes.com\/fr\/#organization\",\"name\":\"Construction LaV\u00e9rendrye\",\"url\":\"https:\/\/landrichomes.com\/fr\/\",\"logo\":{\"@id\":\"https:\/\/landrichomes.com\/fr\/politique-de-confidentialite\/#local-main-organization-logo\"},\"image\":{\"@id\":\"https:\/\/landrichomes.com\/fr\/politique-de-confidentialite\/#local-main-organization-logo\"},\"address\":{\"@id\":\"https:\/\/landrichomes.com\/fr\/politique-de-confidentialite\/#local-main-place-address\"},\"telephone\":[\"(819) 663-0003\"],\"openingHoursSpecification\":[{\"@type\":\"OpeningHoursSpecification\",\"dayOfWeek\":[\"Monday\",\"Tuesday\",\"Wednesday\",\"Thursday\"],\"opens\":\"08:00\",\"closes\":\"19:30\"},{\"@type\":\"OpeningHoursSpecification\",\"dayOfWeek\":[\"Friday\"],\"opens\":\"08:00\",\"closes\":\"17:00\"},{\"@type\":\"OpeningHoursSpecification\",\"dayOfWeek\":[\"Saturday\",\"Sunday\"],\"opens\":\"11:00\",\"closes\":\"17:00\"}],\"email\":\"info@landrichomes.com\"},{\"@type\":\"PostalAddress\",\"@id\":\"https:\/\/landrichomes.com\/fr\/politique-de-confidentialite\/#local-main-place-address\",\"streetAddress\":\"63, chemin de Montr\u00e9al E\",\"addressLocality\":\"Gatineau\",\"postalCode\":\"J8M 1K3\",\"addressRegion\":\"Qu\u00e9bec\",\"addressCountry\":\"CA\"},{\"@type\":\"ImageObject\",\"inLanguage\":\"fr-FR\",\"@id\":\"https:\/\/landrichomes.com\/fr\/politique-de-confidentialite\/#local-main-organization-logo\",\"url\":\"https:\/\/landrichomes.com\/wp-content\/uploads\/2020\/05\/logo-20ans-opt.png\",\"contentUrl\":\"https:\/\/landrichomes.com\/wp-content\/uploads\/2020\/05\/logo-20ans-opt.png\",\"width\":192,\"height\":77,\"caption\":\"Construction LaV\u00e9rendrye\"}]}<\/script>\n<meta name=\"geo.placename\" content=\"Gatineau\" \/>\n<meta name=\"geo.region\" content=\"Canada\" \/>\n<!-- \/ Yoast SEO Premium plugin. -->","yoast_head_json":{"title":"Politique de confidentialit\u00e9 | Landric Homes","robots":{"index":"index","follow":"follow","max-snippet":"max-snippet:-1","max-image-preview":"max-image-preview:large","max-video-preview":"max-video-preview:-1"},"canonical":"https:\/\/landrichomes.com\/fr\/politique-de-confidentialite\/","og_locale":"fr_FR","og_type":"article","og_title":"Politique de confidentialit\u00e9","og_description":"Politique de confidentialit\u00e9 Introduction Devant le d\u00e9veloppement des nouveaux outils de communication, il est n\u00e9cessaire de porter une attention particuli\u00e8re \u00e0 la protection de la vie priv\u00e9e. C\u2019est pourquoi, nous nous engageons \u00e0 respecter la confidentialit\u00e9 des renseignements personnels que nous collectons. Collecte des renseignements personnels Pr\u00e9nom Adresse postale Code postal Adresse \u00e9lectronique Num\u00e9ro de [&hellip;]","og_url":"https:\/\/landrichomes.com\/fr\/politique-de-confidentialite\/","og_site_name":"Landric Homes","article_modified_time":"2025-02-13T11:49:21+00:00","twitter_card":"summary_large_image","twitter_misc":{"Dur\u00e9e de lecture estim\u00e9e":"3 minutes"},"schema":{"@context":"https:\/\/schema.org","@graph":[{"@type":"WebPage","@id":"https:\/\/landrichomes.com\/fr\/politique-de-confidentialite\/","url":"https:\/\/landrichomes.com\/fr\/politique-de-confidentialite\/","name":"Politique de confidentialit\u00e9 | Landric Homes","isPartOf":{"@id":"https:\/\/landrichomes.com\/fr\/#website"},"datePublished":"2025-02-13T11:37:03+00:00","dateModified":"2025-02-13T11:49:21+00:00","breadcrumb":{"@id":"https:\/\/landrichomes.com\/fr\/politique-de-confidentialite\/#breadcrumb"},"inLanguage":"fr-FR","potentialAction":[{"@type":"ReadAction","target":["https:\/\/landrichomes.com\/fr\/politique-de-confidentialite\/"]}]},{"@type":"BreadcrumbList","@id":"https:\/\/landrichomes.com\/fr\/politique-de-confidentialite\/#breadcrumb","itemListElement":[{"@type":"ListItem","position":1,"name":"Home","item":"https:\/\/landrichomes.com\/fr\/"},{"@type":"ListItem","position":2,"name":"Politique de confidentialit\u00e9"}]},{"@type":"WebSite","@id":"https:\/\/landrichomes.com\/fr\/#website","url":"https:\/\/landrichomes.com\/fr\/","name":"Landric Homes","description":"Gatineau, Qu\u00e9bec","publisher":{"@id":"https:\/\/landrichomes.com\/fr\/#organization"},"potentialAction":[{"@type":"SearchAction","target":{"@type":"EntryPoint","urlTemplate":"https:\/\/landrichomes.com\/fr\/?s={search_term_string}"},"query-input":{"@type":"PropertyValueSpecification","valueRequired":true,"valueName":"search_term_string"}}],"inLanguage":"fr-FR"},{"@type":["Organization","Place","HomeAndConstructionBusiness"],"@id":"https:\/\/landrichomes.com\/fr\/#organization","name":"Construction LaV\u00e9rendrye","url":"https:\/\/landrichomes.com\/fr\/","logo":{"@id":"https:\/\/landrichomes.com\/fr\/politique-de-confidentialite\/#local-main-organization-logo"},"image":{"@id":"https:\/\/landrichomes.com\/fr\/politique-de-confidentialite\/#local-main-organization-logo"},"address":{"@id":"https:\/\/landrichomes.com\/fr\/politique-de-confidentialite\/#local-main-place-address"},"telephone":["(819) 663-0003"],"openingHoursSpecification":[{"@type":"OpeningHoursSpecification","dayOfWeek":["Monday","Tuesday","Wednesday","Thursday"],"opens":"08:00","closes":"19:30"},{"@type":"OpeningHoursSpecification","dayOfWeek":["Friday"],"opens":"08:00","closes":"17:00"},{"@type":"OpeningHoursSpecification","dayOfWeek":["Saturday","Sunday"],"opens":"11:00","closes":"17:00"}],"email":"info@landrichomes.com"},{"@type":"PostalAddress","@id":"https:\/\/landrichomes.com\/fr\/politique-de-confidentialite\/#local-main-place-address","streetAddress":"63, chemin de Montr\u00e9al E","addressLocality":"Gatineau","postalCode":"J8M 1K3","addressRegion":"Qu\u00e9bec","addressCountry":"CA"},{"@type":"ImageObject","inLanguage":"fr-FR","@id":"https:\/\/landrichomes.com\/fr\/politique-de-confidentialite\/#local-main-organization-logo","url":"https:\/\/landrichomes.com\/wp-content\/uploads\/2020\/05\/logo-20ans-opt.png","contentUrl":"https:\/\/landrichomes.com\/wp-content\/uploads\/2020\/05\/logo-20ans-opt.png","width":192,"height":77,"caption":"Construction LaV\u00e9rendrye"}]},"geo.placename":"Gatineau","geo.region":"Canada"},"_links":{"self":[{"href":"https:\/\/landrichomes.com\/fr\/wp-json\/wp\/v2\/pages\/6777","targetHints":{"allow":["GET"]}}],"collection":[{"href":"https:\/\/landrichomes.com\/fr\/wp-json\/wp\/v2\/pages"}],"about":[{"href":"https:\/\/landrichomes.com\/fr\/wp-json\/wp\/v2\/types\/page"}],"author":[{"embeddable":true,"href":"https:\/\/landrichomes.com\/fr\/wp-json\/wp\/v2\/users\/3"}],"replies":[{"embeddable":true,"href":"https:\/\/landrichomes.com\/fr\/wp-json\/wp\/v2\/comments?post=6777"}],"version-history":[{"count":0,"href":"https:\/\/landrichomes.com\/fr\/wp-json\/wp\/v2\/pages\/6777\/revisions"}],"wp:attachment":[{"href":"https:\/\/landrichomes.com\/fr\/wp-json\/wp\/v2\/media?parent=6777"}],"curies":[{"name":"wp","href":"https:\/\/api.w.org\/{rel}","templated":true}]}}